{"id":922,"date":"2025-04-09T23:06:32","date_gmt":"2025-04-09T23:06:32","guid":{"rendered":"https:\/\/www.dekso.vn\/?page_id=922"},"modified":"2025-04-10T21:27:14","modified_gmt":"2025-04-10T21:27:14","slug":"diem-khac-biet-cua-dekso","status":"publish","type":"page","link":"https:\/\/www.dekso.vn\/zh\/dekso-\u7684\u4e0d\u540c\u4e4b\u5904\/","title":{"rendered":"DEKSO \u7684\u4e0d\u540c\u4e4b\u5904"},"content":{"rendered":"<div data-elementor-type=\"wp-page\" data-elementor-id=\"922\" class=\"elementor elementor-922\" data-elementor-settings=\"{&quot;ha_cmc_init_switcher&quot;:&quot;no&quot;}\" data-elementor-post-type=\"page\">\n\t\t\t\t<div class=\"elementor-element elementor-element-449ce75 e-flex e-con-boxed e-con e-parent\" data-id=\"449ce75\" data-element_type=\"container\" data-settings=\"{&quot;background_background&quot;:&quot;classic&quot;,&quot;_ha_eqh_enable&quot;:false}\">\n\t\t\t\t\t<div class=\"e-con-inner\">\n\t\t\t\t<div class=\"elementor-element elementor-element-6e97e487 elementor-widget elementor-widget-heading\" data-id=\"6e97e487\" data-element_type=\"widget\" data-widget_type=\"heading.default\">\n\t\t\t\t<div class=\"elementor-widget-container\">\n\t\t\t\t\t<h1 class=\"elementor-heading-title elementor-size-default\">DEKSO \u7684\u4e0d\u540c\u4e4b\u5904<\/h1>\t\t\t\t<\/div>\n\t\t\t\t<\/div>\n\t\t\t\t\t<\/div>\n\t\t\t\t<\/div>\n\t\t<div class=\"elementor-element elementor-element-56606f2 e-flex e-con-boxed e-con e-parent\" data-id=\"56606f2\" data-element_type=\"container\" data-settings=\"{&quot;_ha_eqh_enable&quot;:false}\">\n\t\t\t\t\t<div class=\"e-con-inner\">\n\t\t\t\t<div class=\"elementor-element elementor-element-07da9f0 elementor-widget elementor-widget-text-editor\" data-id=\"07da9f0\" data-element_type=\"widget\" data-widget_type=\"text-editor.default\">\n\t\t\t\t<div class=\"elementor-widget-container\">\n\t\t\t\t\t\t\t\t\t<p>\u5728 DEKSO\uff0c\u6211\u4eec\u6240\u505a\u7684\u4e0d\u4ec5\u4ec5\u662f\u5efa\u9020\u4e00\u4e2a\u6258\u76d8\u5de5\u5382\u3002\u6211\u4eec\u521b\u9020\u4e13\u4e1a\u7684\u5de5\u4f5c\u73af\u5883\u3001\u7cfb\u7edf\u7684\u751f\u4ea7\u751f\u6001\u7cfb\u7edf\u548c\u4e00\u652f\u656c\u4e1a\u3001\u6709\u624d\u534e\u3001\u6709\u6587\u5316\u7684\u56e2\u961f\u3002<\/p>\t\t\t\t\t\t\t\t<\/div>\n\t\t\t\t<\/div>\n\t\t\t\t\t<\/div>\n\t\t\t\t<\/div>\n\t\t<div class=\"elementor-element elementor-element-0990564 e-flex e-con-boxed e-con e-parent\" data-id=\"0990564\" data-element_type=\"container\" data-settings=\"{&quot;_ha_eqh_enable&quot;:false}\">\n\t\t\t\t\t<div class=\"e-con-inner\">\n\t\t\t\t<div class=\"elementor-element elementor-element-dd12685 ha-card--top ha-card--tablet-top ha-card--mobile-top elementor-widget elementor-widget-ha-card happy-addon ha-card\" data-id=\"dd12685\" data-element_type=\"widget\" data-widget_type=\"ha-card.default\">\n\t\t\t\t<div class=\"elementor-widget-container\">\n\t\t\t\t\t\n\t\t\t\t\t<figure class=\"ha-card-figure\">\n\t\t\t\t<img fetchpriority=\"high\" decoding=\"async\" width=\"800\" height=\"673\" src=\"https:\/\/www.dekso.vn\/wp-content\/uploads\/2025\/04\/z6491063102127_9ef3f73b15ecf72302413c58eee428d2-1024x862.jpg\" class=\"attachment-large size-large wp-image-974\" alt=\"\" srcset=\"https:\/\/www.dekso.vn\/wp-content\/uploads\/2025\/04\/z6491063102127_9ef3f73b15ecf72302413c58eee428d2-1024x862.jpg 1024w, https:\/\/www.dekso.vn\/wp-content\/uploads\/2025\/04\/z6491063102127_9ef3f73b15ecf72302413c58eee428d2-300x252.jpg 300w, https:\/\/www.dekso.vn\/wp-content\/uploads\/2025\/04\/z6491063102127_9ef3f73b15ecf72302413c58eee428d2-768x646.jpg 768w, https:\/\/www.dekso.vn\/wp-content\/uploads\/2025\/04\/z6491063102127_9ef3f73b15ecf72302413c58eee428d2-600x505.jpg 600w, https:\/\/www.dekso.vn\/wp-content\/uploads\/2025\/04\/z6491063102127_9ef3f73b15ecf72302413c58eee428d2.jpg 1336w\" sizes=\"(max-width: 800px) 100vw, 800px\" \/>\t\t\t\t\t\t\t<\/figure>\n\t\t\n\t\t<div class=\"ha-card-body\">\n\n\t\t\t<h2 class=\"ha-card-title\">\u6295\u8d44\u5fc3\u6001\u5230\u64cd\u4f5c\u65b9\u6cd5\u7684\u533a\u522b<\/h2>\n\t\t\t\t\t\t\t<div class=\"ha-card-text\">\n\t\t\t\t\t<p>\u4e0e\u5f53\u4eca\u8bb8\u591a\u5c0f\u578b\u6216\u5bb6\u65cf\u5f0f\u6258\u76d8\u5de5\u5382\u4e0d\u540c\uff0cDEKSO \u5bf9\u8bbe\u65bd\u548c\u4eba\u529b\u8d44\u6e90\u8fdb\u884c\u4e86\u7cfb\u7edf\u6295\u8d44\u3002<br \/>\n\u6210\u54c1\u52a0\u5de5\u533a\u57df\u9762\u79ef\u8fbe5000\u5e73\u65b9\u7c73\uff0c\u7ec4\u7ec7\u79d1\u5b66\uff0c\u914d\u5907\u73b0\u4ee3\u5316\u673a\u68b0\u7cfb\u7edf\uff0c\u7b26\u5408\u9ad8\u6280\u672f\u6807\u51c6\u3002<br \/>\n\u7ba1\u7406\u548c\u8fd0\u8425\u56e2\u961f\u5747\u62e5\u6709\u8d85\u8fc7 15 \u5e74\u7b26\u5408\u6b27\u6d32\u51fa\u53e3\u6807\u51c6\u7684\u6728\u6750\u751f\u4ea7\u9886\u57df\u7684\u7ecf\u9a8c\u3002<br \/>\n\u6240\u6709\u80a1\u4e1c\u3001\u8463\u4e8b\u548c\u8463\u4e8b\u957f\u5747\u80fd\u6d41\u5229\u4f7f\u7528\u82f1\u8bed-\u6c49\u8bed-\u6cd5\u8bed\uff0c\u5e2e\u52a9DEKSO\u7075\u6d3b\u3001\u81ea\u4fe1\u5730\u4e0e\u56fd\u5185\u5916\u5408\u4f5c\u4f19\u4f34\u5408\u4f5c\uff0c\u7f29\u77ed\u8bed\u8a00\u5dee\u8ddd\uff0c\u63d0\u9ad8\u5408\u4f5c\u6548\u7387\u3002<\/p>\n\t\t\t\t<\/div>\n\t\t\t\n\t\t\t\t\t<\/div>\n\t\t\t\t\t\t<\/div>\n\t\t\t\t<\/div>\n\t\t\t\t<div class=\"elementor-element elementor-element-502feae ha-card--top ha-card--tablet-top ha-card--mobile-top elementor-widget elementor-widget-ha-card happy-addon ha-card\" data-id=\"502feae\" data-element_type=\"widget\" data-widget_type=\"ha-card.default\">\n\t\t\t\t<div class=\"elementor-widget-container\">\n\t\t\t\t\t\n\t\t\t\t\t<figure class=\"ha-card-figure\">\n\t\t\t\t<img decoding=\"async\" width=\"800\" height=\"596\" src=\"https:\/\/www.dekso.vn\/wp-content\/uploads\/2025\/04\/Screenshot-2025-04-11-040620.png\" class=\"attachment-large size-large wp-image-973\" alt=\"\" srcset=\"https:\/\/www.dekso.vn\/wp-content\/uploads\/2025\/04\/Screenshot-2025-04-11-040620.png 966w, https:\/\/www.dekso.vn\/wp-content\/uploads\/2025\/04\/Screenshot-2025-04-11-040620-300x224.png 300w, https:\/\/www.dekso.vn\/wp-content\/uploads\/2025\/04\/Screenshot-2025-04-11-040620-768x572.png 768w, https:\/\/www.dekso.vn\/wp-content\/uploads\/2025\/04\/Screenshot-2025-04-11-040620-600x447.png 600w\" sizes=\"(max-width: 800px) 100vw, 800px\" \/>\t\t\t\t\t\t\t<\/figure>\n\t\t\n\t\t<div class=\"ha-card-body\">\n\n\t\t\t<h2 class=\"ha-card-title\">\u6295\u8d44\u4e8e\u4eba\u2014\u2014\u5c0a\u91cd\u96c6\u4f53\u4ef7\u503c\u89c2<\/h2>\n\t\t\t\t\t\t\t<div class=\"ha-card-text\">\n\t\t\t\t\t<p>\u6211\u4eec\u76f8\u4fe1\uff0c\u597d\u7684\u4ea7\u54c1\u4e0d\u4ec5\u6765\u81ea\u73b0\u4ee3\u5316\u7684\u673a\u68b0\uff0c\u66f4\u6765\u81ea\u4e13\u4e1a\u7684\u53cc\u624b\u548c\u56e2\u7ed3\u7684\u7cbe\u795e\u3002<br>\nDEKSO\u5b9a\u671f\u7ec4\u7ec7\uff1a\u5185\u90e8\u57f9\u8bad\uff1b\u66f4\u65b0\u7a0b\u5e8f\uff0c\u63d0\u4f9b\u804c\u4e1a\u57f9\u8bad\uff0c\u5e76\u63d0\u4f9b\u5b9a\u671f\u7684\u804c\u4e1a\u5b89\u5168\u57f9\u8bad\uff1b\u4e3a\u5404\u7ea7\u56e2\u961f\u5206\u4eab\u77e5\u8bc6\u5e76\u57f9\u517b\u8f6f\u6280\u80fd\u3002<\/p>\n\t\t\t\t<\/div>\n\t\t\t\n\t\t\t\t\t<\/div>\n\t\t\t\t\t\t<\/div>\n\t\t\t\t<\/div>\n\t\t\t\t<div class=\"elementor-element elementor-element-c99fe2f ha-card--top ha-card--tablet-top ha-card--mobile-top elementor-widget elementor-widget-ha-card happy-addon ha-card\" data-id=\"c99fe2f\" data-element_type=\"widget\" data-widget_type=\"ha-card.default\">\n\t\t\t\t<div class=\"elementor-widget-container\">\n\t\t\t\t\t\n\t\t\t\t\t<figure class=\"ha-card-figure\">\n\t\t\t\t<img decoding=\"async\" width=\"800\" height=\"616\" src=\"https:\/\/www.dekso.vn\/wp-content\/uploads\/2025\/04\/z6491063049177_31b7dff80d0bd14cc032c62842fdab4e-1024x788.jpg\" class=\"attachment-large size-large wp-image-967\" alt=\"\" srcset=\"https:\/\/www.dekso.vn\/wp-content\/uploads\/2025\/04\/z6491063049177_31b7dff80d0bd14cc032c62842fdab4e-1024x788.jpg 1024w, https:\/\/www.dekso.vn\/wp-content\/uploads\/2025\/04\/z6491063049177_31b7dff80d0bd14cc032c62842fdab4e-300x231.jpg 300w, https:\/\/www.dekso.vn\/wp-content\/uploads\/2025\/04\/z6491063049177_31b7dff80d0bd14cc032c62842fdab4e-768x591.jpg 768w, https:\/\/www.dekso.vn\/wp-content\/uploads\/2025\/04\/z6491063049177_31b7dff80d0bd14cc032c62842fdab4e-600x462.jpg 600w, https:\/\/www.dekso.vn\/wp-content\/uploads\/2025\/04\/z6491063049177_31b7dff80d0bd14cc032c62842fdab4e.jpg 1336w\" sizes=\"(max-width: 800px) 100vw, 800px\" \/>\t\t\t\t\t\t\t<\/figure>\n\t\t\n\t\t<div class=\"ha-card-body\">\n\n\t\t\t<h2 class=\"ha-card-title\">\u53cc\u91cd\u4f7f\u547d\uff1a\u8ba9\u5ba2\u6237\u6ee1\u610f\u2014\u2014\u8ba9\u5458\u5de5\u5feb\u4e50<\/h2>\n\t\t\t\t\t\t\t<div class=\"ha-card-text\">\n\t\t\t\t\t<p>DEKSO\u5728\u670d\u52a1\u98ce\u683c\u4e0a\u59cb\u7ec8\u81f4\u529b\u4e8e\u7ed9\u5ba2\u6237\u5e26\u6765\u4e0d\u4e00\u6837\u7684\u4f53\u9a8c\uff0c\u4ece\u63a5\u5355\u7684\u4e13\u4e1a\u6027\u5230\u8fdb\u5ea6-\u54c1\u8d28-\u552e\u540e\u670d\u52a1\u7684\u6e05\u6670\u6027\u3002<br>\n\u540c\u65f6\uff0c\u6211\u4eec\u4e5f\u4e0d\u65ad\u8425\u9020\u8ba9\u5458\u5de5\u611f\u5230\u53d7\u5c0a\u91cd\u3001\u88ab\u8ba4\u53ef\u3001\u80fd\u5f97\u5230\u53d1\u5c55\u7684\u5de5\u4f5c\u73af\u5883\u3002<\/p>\n\t\t\t\t<\/div>\n\t\t\t\n\t\t\t\t\t<\/div>\n\t\t\t\t\t\t<\/div>\n\t\t\t\t<\/div>\n\t\t\t\t<div class=\"elementor-element elementor-element-b2e490b elementor-widget elementor-widget-text-editor\" data-id=\"b2e490b\" data-element_type=\"widget\" data-widget_type=\"text-editor.default\">\n\t\t\t\t<div class=\"elementor-widget-container\">\n\t\t\t\t\t\t\t\t\t<p>\u8fd9\u5c31\u662fDEKSO\u6587\u5316\u2014\u2014\u6bcf\u4e00\u4ef6\u4ea7\u54c1\u90fd\u627f\u8f7d\u7740\u4e00\u4efd\u8d23\u4efb\uff0c\u6bcf\u4e00\u4e2a\u8ba2\u5355\u90fd\u662f\u4e00\u4efd\u627f\u8bfa\uff0c\u6bcf\u4e00\u4e2a\u56e2\u961f\u6210\u5458\u90fd\u662f\u53ef\u6301\u7eed\u53d1\u5c55\u5f81\u7a0b\u7684\u91cd\u8981\u7ec4\u6210\u90e8\u5206\u3002<\/p>\t\t\t\t\t\t\t\t<\/div>\n\t\t\t\t<\/div>\n\t\t\t\t\t<\/div>\n\t\t\t\t<\/div>\n\t\t\t\t<\/div>","protected":false},"excerpt":{"rendered":"<p>\u0110i\u1ec3m kh\u00e1c bi\u1ec7t c\u1ee7a DEKSO T\u1ea1i DEKSO, ch\u00fang t\u00f4i kh\u00f4ng \u0111\u01a1n thu\u1ea7n x\u00e2y d\u1ef1ng m\u1ed9t nh\u00e0 m\u00e1y s\u1ea3n xu\u1ea5t pallet. Ch\u00fang t\u00f4i ki\u1ebfn t\u1ea1o m\u1ed9t m\u00f4i tr\u01b0\u1eddng l\u00e0m vi\u1ec7c chuy\u00ean nghi\u1ec7p, m\u1ed9t h\u1ec7 sinh th\u00e1i s\u1ea3n xu\u1ea5t b\u00e0i b\u1ea3n, v\u00e0 m\u1ed9t \u0111\u1ed9i ng\u0169 con ng\u01b0\u1eddi c\u00f3 t\u00e2m \u2013 c\u00f3 t\u1ea7m \u2013 c\u00f3 v\u0103n ho\u00e1. Kh\u00e1c [&hellip;]<\/p>","protected":false},"author":1,"featured_media":0,"parent":0,"menu_order":0,"comment_status":"closed","ping_status":"closed","template":"elementor_header_footer","meta":{"_acf_changed":false,"footnotes":""},"class_list":["post-922","page","type-page","status-publish","hentry"],"acf":[],"_links":{"self":[{"href":"https:\/\/www.dekso.vn\/zh\/wp-json\/wp\/v2\/pages\/922","targetHints":{"allow":["GET"]}}],"collection":[{"href":"https:\/\/www.dekso.vn\/zh\/wp-json\/wp\/v2\/pages"}],"about":[{"href":"https:\/\/www.dekso.vn\/zh\/wp-json\/wp\/v2\/types\/page"}],"author":[{"embeddable":true,"href":"https:\/\/www.dekso.vn\/zh\/wp-json\/wp\/v2\/users\/1"}],"replies":[{"embeddable":true,"href":"https:\/\/www.dekso.vn\/zh\/wp-json\/wp\/v2\/comments?post=922"}],"version-history":[{"count":10,"href":"https:\/\/www.dekso.vn\/zh\/wp-json\/wp\/v2\/pages\/922\/revisions"}],"predecessor-version":[{"id":985,"href":"https:\/\/www.dekso.vn\/zh\/wp-json\/wp\/v2\/pages\/922\/revisions\/985"}],"wp:attachment":[{"href":"https:\/\/www.dekso.vn\/zh\/wp-json\/wp\/v2\/media?parent=922"}],"curies":[{"name":"wp","href":"https:\/\/api.w.org\/{rel}","templated":true}]}}