{"id":758,"date":"2025-04-02T23:21:15","date_gmt":"2025-04-02T23:21:15","guid":{"rendered":"https:\/\/www.dekso.vn\/?page_id=758"},"modified":"2025-04-09T22:52:33","modified_gmt":"2025-04-09T22:52:33","slug":"van-hoa-doanh-nghiep","status":"publish","type":"page","link":"https:\/\/www.dekso.vn\/zh\/\u4f01\u4e1a\u6587\u5316\/","title":{"rendered":"\u4f01\u4e1a\u6587\u5316"},"content":{"rendered":"<div data-elementor-type=\"wp-page\" data-elementor-id=\"758\" class=\"elementor elementor-758\" data-elementor-settings=\"{&quot;ha_cmc_init_switcher&quot;:&quot;no&quot;}\" data-elementor-post-type=\"page\">\n\t\t\t\t<div class=\"elementor-element elementor-element-449ce75 e-flex e-con-boxed e-con e-parent\" data-id=\"449ce75\" data-element_type=\"container\" data-settings=\"{&quot;background_background&quot;:&quot;classic&quot;,&quot;_ha_eqh_enable&quot;:false}\">\n\t\t\t\t\t<div class=\"e-con-inner\">\n\t\t\t\t<div class=\"elementor-element elementor-element-6e97e487 elementor-widget elementor-widget-heading\" data-id=\"6e97e487\" data-element_type=\"widget\" data-widget_type=\"heading.default\">\n\t\t\t\t<div class=\"elementor-widget-container\">\n\t\t\t\t\t<h1 class=\"elementor-heading-title elementor-size-default\">\u4f01\u4e1a\u6587\u5316<\/h1>\t\t\t\t<\/div>\n\t\t\t\t<\/div>\n\t\t\t\t\t<\/div>\n\t\t\t\t<\/div>\n\t\t<div class=\"elementor-element elementor-element-56606f2 e-flex e-con-boxed e-con e-parent\" data-id=\"56606f2\" data-element_type=\"container\" data-settings=\"{&quot;_ha_eqh_enable&quot;:false}\">\n\t\t\t\t\t<div class=\"e-con-inner\">\n\t\t\t\t<div class=\"elementor-element elementor-element-07da9f0 elementor-widget elementor-widget-text-editor\" data-id=\"07da9f0\" data-element_type=\"widget\" data-widget_type=\"text-editor.default\">\n\t\t\t\t<div class=\"elementor-widget-container\">\n\t\t\t\t\t\t\t\t\t<p>\u5728 DEKSO\uff0c\u6211\u4eec\u76f8\u4fe1\u53ef\u6301\u7eed\u53d1\u5c55\u7684\u4e1a\u52a1\u662f\u5efa\u7acb\u5728\u5584\u826f\u7684\u5458\u5de5\u548c\u79ef\u6781\u7684\u5de5\u4f5c\u6587\u5316\u57fa\u7840\u4e0a\u7684\u4e1a\u52a1\u3002 DEKSO\u4e0d\u4ec5\u6ce8\u91cd\u751f\u4ea7\u6548\u7387\u548c\u4ea7\u54c1\u8d28\u91cf\uff0c\u8fd8\u7279\u522b\u6ce8\u91cd\u4e3a\u6240\u6709\u5e72\u90e8\u548c\u5458\u5de5\u8425\u9020\u4e00\u4e2a\u56e2\u7ed3\u3001\u4e13\u4e1a\u3001\u6709\u51dd\u805a\u529b\u7684\u5de5\u4f5c\u73af\u5883\u3002<\/p><p><strong>1. \u7167\u987e\u597d\u6700\u5c0f\u7684\u4e8b\u60c5<\/strong><br \/>DEKSO\u6587\u5316\u7684\u4e00\u5927\u4eae\u70b9\u5c31\u662f\u5bf9\u5458\u5de5\u65e5\u5e38\u751f\u6d3b\u7684\u5468\u5230\u5173\u6ce8\u3002\u516c\u53f8\u5728\u5de5\u5382\u5185\u8bbe\u7acb\u96c6\u4f53\u53a8\u623f\uff0c\u4e3a\u5458\u5de5\u63d0\u4f9b\u70ed\u817e\u817e\u3001\u8425\u517b\u4e30\u5bcc\u7684\u5348\u9910\u548c\u665a\u9910\u3002\u6bcf\u4e00\u987f\u996d\u4e0d\u4ec5\u662f\u5065\u5eb7\u7684\u4fdd\u969c\uff0c\u66f4\u662f\u516c\u53f8\u6210\u5458\u4e4b\u95f4\u8054\u7edc\u611f\u60c5\u3001\u5206\u4eab\u4ea4\u6d41\u7684\u65f6\u523b\u3002<\/p><p>\u6b64\u5916\uff0c\u8fd8\u5b89\u6392\u4e86\u4fdd\u5b89\u548c\u6e05\u6d01\u4eba\u5458\uff0c\u4ee5\u786e\u4fdd\u5de5\u4f5c\u7a7a\u95f4\u59cb\u7ec8\u5e72\u51c0\u3001\u5b89\u5168\u548c\u6574\u6d01\u3002<\/p><p><strong>2. \u643a\u624b\u5171\u8fdb<\/strong><br \/>DEKSO \u5efa\u7acb\u4e86\u4e00\u79cd\u57fa\u4e8e\u5408\u4f5c\u548c\u76f8\u4e92\u652f\u6301\u7cbe\u795e\u7684\u5de5\u4f5c\u6587\u5316\u3002\u4ece\u884c\u653f-\u4eba\u529b\u8d44\u6e90\u3001\u901a\u8baf-\u8425\u9500\u5230\u751f\u4ea7-\u7269\u6d41\u7684\u6240\u6709\u90e8\u95e8\u90fd\u6309\u7167\u7edf\u4e00\u7684\u6d41\u7a0b\u987a\u5229\u534f\u8c03\u3002 \u201c\u8f66\u95f4\u201d\u548c\u201c\u529e\u516c\u5ba4\u201d\u4e4b\u95f4\u6ca1\u6709\u754c\u9650\uff0c\u5927\u5bb6\u90fd\u662f\u4e00\u4e2a\u96c6\u4f53\uff0c\u4e3a\u4e86\u5171\u540c\u7684\u76ee\u6807\u3002<\/p><p>\u6211\u4eec\u91cd\u89c6\u5de5\u4f5c\u4e2d\u7684\u8bda\u5b9e\u3001\u4e3b\u52a8\u6027\u548c\u8d23\u4efb\u611f\u3002\u9f13\u52b1\u6bcf\u4e2a\u4eba\u8868\u8fbe\u81ea\u5df1\u7684\u610f\u89c1\uff0c\u63d0\u51fa\u6539\u8fdb\u5efa\u8bae\uff0c\u5171\u540c\u52aa\u529b\u8425\u9020\u79ef\u6781\u7684\u5de5\u4f5c\u73af\u5883\u3002<\/p><p><strong>3. \u5185\u90e8\u57f9\u8bad\u2014\u2014\u5b66\u4e60\u548c\u5206\u4eab\u6587\u5316<\/strong><br \/>DEKSO\u5b9a\u671f\u7ec4\u7ec7\u6280\u672f\u57f9\u8bad-\u5b89\u5168\u57f9\u8bad-\u5de5\u827a\u6307\u5bfc\uff0c\u4e0d\u4ec5\u5e2e\u52a9\u5de5\u4eba\u63d0\u9ad8\u6280\u80fd\uff0c\u4e5f\u4e3a\u6bcf\u4e2a\u4eba\u66f4\u597d\u5730\u4e86\u89e3\u81ea\u5df1\u5728\u6574\u4e2a\u751f\u4ea7\u94fe\u4e2d\u7684\u4f5c\u7528\u521b\u9020\u6761\u4ef6\u3002<\/p><p>\u9664\u6b64\u4e4b\u5916\u8fd8\u6709\u5185\u90e8\u6c9f\u901a\u6d3b\u52a8\uff0c\u5206\u4eab\u6709\u5173\u4f01\u4e1a\u6587\u5316\u3001\u8f6f\u6280\u80fd\u548c\u6709\u6548\u5de5\u4f5c\u65b9\u6cd5\u7684\u77e5\u8bc6\u3002\u6211\u4eec\u76f8\u4fe1\uff1a\u6295\u8d44\u4e8e\u4eba\u624d\u662f\u6700\u6709\u56de\u62a5\u7684\u957f\u671f\u6295\u8d44\u3002<\/p><p><em><strong>DEKSO \u6587\u5316\u4e0d\u662f\u4e00\u53e5\u53e3\u53f7\u2014\u2014\u800c\u662f\u6211\u4eec\u6bcf\u5929\u5171\u540c\u751f\u6d3b\u3001\u5de5\u4f5c\u548c\u884c\u8d70\u7684\u65b9\u5f0f\u3002<\/strong><\/em><\/p>\t\t\t\t\t\t\t\t<\/div>\n\t\t\t\t<\/div>\n\t\t\t\t\t<\/div>\n\t\t\t\t<\/div>\n\t\t\t\t<\/div>","protected":false},"excerpt":{"rendered":"<p>V\u0103n h\u00f3a doanh nghi\u1ec7p T\u1ea1i DEKSO, ch\u00fang t\u00f4i tin r\u1eb1ng doanh nghi\u1ec7p ph\u00e1t tri\u1ec3n b\u1ec1n v\u1eefng l\u00e0 doanh nghi\u1ec7p \u0111\u01b0\u1ee3c x\u00e2y d\u1ef1ng t\u1eeb n\u1ec1n t\u1ea3ng con ng\u01b0\u1eddi t\u1eed t\u1ebf v\u00e0 v\u0103n ho\u00e1 l\u00e0m vi\u1ec7c t\u00edch c\u1ef1c. Kh\u00f4ng ch\u1ec9 t\u1eadp trung v\u00e0o hi\u1ec7u qu\u1ea3 s\u1ea3n xu\u1ea5t v\u00e0 ch\u1ea5t l\u01b0\u1ee3ng s\u1ea3n ph\u1ea9m, DEKSO c\u00f2n \u0111\u1eb7c bi\u1ec7t ch\u00fa [&hellip;]<\/p>","protected":false},"author":1,"featured_media":0,"parent":0,"menu_order":0,"comment_status":"closed","ping_status":"closed","template":"","meta":{"_acf_changed":false,"footnotes":""},"class_list":["post-758","page","type-page","status-publish","hentry"],"acf":[],"_links":{"self":[{"href":"https:\/\/www.dekso.vn\/zh\/wp-json\/wp\/v2\/pages\/758","targetHints":{"allow":["GET"]}}],"collection":[{"href":"https:\/\/www.dekso.vn\/zh\/wp-json\/wp\/v2\/pages"}],"about":[{"href":"https:\/\/www.dekso.vn\/zh\/wp-json\/wp\/v2\/types\/page"}],"author":[{"embeddable":true,"href":"https:\/\/www.dekso.vn\/zh\/wp-json\/wp\/v2\/users\/1"}],"replies":[{"embeddable":true,"href":"https:\/\/www.dekso.vn\/zh\/wp-json\/wp\/v2\/comments?post=758"}],"version-history":[{"count":7,"href":"https:\/\/www.dekso.vn\/zh\/wp-json\/wp\/v2\/pages\/758\/revisions"}],"predecessor-version":[{"id":921,"href":"https:\/\/www.dekso.vn\/zh\/wp-json\/wp\/v2\/pages\/758\/revisions\/921"}],"wp:attachment":[{"href":"https:\/\/www.dekso.vn\/zh\/wp-json\/wp\/v2\/media?parent=758"}],"curies":[{"name":"wp","href":"https:\/\/api.w.org\/{rel}","templated":true}]}}