{"id":745,"date":"2025-04-02T23:00:02","date_gmt":"2025-04-02T23:00:02","guid":{"rendered":"https:\/\/www.dekso.vn\/?page_id=745"},"modified":"2025-04-02T23:17:47","modified_gmt":"2025-04-02T23:17:47","slug":"quy-trinh-ban-hang","status":"publish","type":"page","link":"https:\/\/www.dekso.vn\/zh\/\u9500\u552e\u6d41\u7a0b\/","title":{"rendered":"\u9500\u552e\u6d41\u7a0b"},"content":{"rendered":"<div data-elementor-type=\"wp-page\" data-elementor-id=\"745\" class=\"elementor elementor-745\" data-elementor-settings=\"{&quot;ha_cmc_init_switcher&quot;:&quot;no&quot;}\" data-elementor-post-type=\"page\">\n\t\t\t\t<div class=\"elementor-element elementor-element-669b8fc e-flex e-con-boxed e-con e-parent\" data-id=\"669b8fc\" data-element_type=\"container\" data-settings=\"{&quot;background_background&quot;:&quot;classic&quot;,&quot;_ha_eqh_enable&quot;:false}\">\n\t\t\t\t\t<div class=\"e-con-inner\">\n\t\t\t\t<div class=\"elementor-element elementor-element-42e7d51 elementor-widget elementor-widget-heading\" data-id=\"42e7d51\" data-element_type=\"widget\" data-widget_type=\"heading.default\">\n\t\t\t\t<div class=\"elementor-widget-container\">\n\t\t\t\t\t<h2 class=\"elementor-heading-title elementor-size-default\">\u9500\u552e\u6d41\u7a0b<\/h2>\t\t\t\t<\/div>\n\t\t\t\t<\/div>\n\t\t\t\t\t<\/div>\n\t\t\t\t<\/div>\n\t\t<div class=\"elementor-element elementor-element-e612dbf e-flex e-con-boxed e-con e-parent\" data-id=\"e612dbf\" data-element_type=\"container\" data-settings=\"{&quot;_ha_eqh_enable&quot;:false}\">\n\t\t\t\t\t<div class=\"e-con-inner\">\n\t\t\t\t<div class=\"elementor-element elementor-element-f847b4f elementor-widget elementor-widget-heading\" data-id=\"f847b4f\" data-element_type=\"widget\" data-widget_type=\"heading.default\">\n\t\t\t\t<div class=\"elementor-widget-container\">\n\t\t\t\t\t<h2 class=\"elementor-heading-title elementor-size-default\">\u9500\u552e\u6d41\u7a0b\u56fe<\/h2>\t\t\t\t<\/div>\n\t\t\t\t<\/div>\n\t\t\t\t\t<\/div>\n\t\t\t\t<\/div>\n\t\t<div class=\"elementor-element elementor-element-4cb1fd3 e-flex e-con-boxed e-con e-parent\" data-id=\"4cb1fd3\" data-element_type=\"container\" data-settings=\"{&quot;_ha_eqh_enable&quot;:false}\">\n\t\t\t\t\t<div class=\"e-con-inner\">\n\t\t<div class=\"elementor-element elementor-element-56432cd e-grid e-con-full e-con e-child\" data-id=\"56432cd\" data-element_type=\"container\" data-settings=\"{&quot;_ha_eqh_enable&quot;:false}\">\n\t\t\t\t<div class=\"elementor-element elementor-element-69cfd3d elementor-widget elementor-widget-ha-step-flow happy-addon ha-step-flow\" data-id=\"69cfd3d\" data-element_type=\"widget\" data-widget_type=\"ha-step-flow.default\">\n\t\t\t\t<div class=\"elementor-widget-container\">\n\t\t\t\t\t\n\t\t<div class=\"ha-steps-icon\">\n\t\t\t\t\t\t\t<span class=\"ha-step-arrow\"><\/span>\n\t\t\t\n\t\t\t<i aria-hidden=\"true\" class=\"hm hm-form\"><\/i>\n\t\t\t\t\t\t\t<span class=\"ha-steps-label\">\u6b65\u9aa4 1<\/span>\n\t\t\t\t\t<\/div>\n\n\t\t<h2 class=\"ha-steps-title\"> \u63a5\u6536\u4fe1\u606f\u548c\u5ba2\u6237\u54a8\u8be2<\/h2>\n\t\t\n\t\t\t\t\t\t<\/div>\n\t\t\t\t<\/div>\n\t\t\t\t<div class=\"elementor-element elementor-element-ab477cf elementor-widget elementor-widget-ha-step-flow happy-addon ha-step-flow\" data-id=\"ab477cf\" data-element_type=\"widget\" data-widget_type=\"ha-step-flow.default\">\n\t\t\t\t<div class=\"elementor-widget-container\">\n\t\t\t\t\t\n\t\t<div class=\"ha-steps-icon\">\n\t\t\t\t\t\t\t<span class=\"ha-step-arrow\"><\/span>\n\t\t\t\n\t\t\t<i aria-hidden=\"true\" class=\"hm hm-menu-price\"><\/i>\n\t\t\t\t\t\t\t<span class=\"ha-steps-label\">\u7b2c 2 \u6b65<\/span>\n\t\t\t\t\t<\/div>\n\n\t\t<h2 class=\"ha-steps-title\">\u62a5\u4ef7\u4e0e\u534f\u8bae<\/h2>\n\t\t\n\t\t\t\t\t\t<\/div>\n\t\t\t\t<\/div>\n\t\t\t\t<div class=\"elementor-element elementor-element-1b23f3d elementor-widget elementor-widget-ha-step-flow happy-addon ha-step-flow\" data-id=\"1b23f3d\" data-element_type=\"widget\" data-widget_type=\"ha-step-flow.default\">\n\t\t\t\t<div class=\"elementor-widget-container\">\n\t\t\t\t\t\n\t\t<div class=\"ha-steps-icon\">\n\t\t\t\t\t\t\t<span class=\"ha-step-arrow\"><\/span>\n\t\t\t\n\t\t\t<svg aria-hidden=\"true\" class=\"e-font-icon-svg e-fas-file-contract\" viewbox=\"0 0 384 512\" xmlns=\"http:\/\/www.w3.org\/2000\/svg\"><path d=\"M224 136V0H24C10.7 0 0 10.7 0 24v464c0 13.3 10.7 24 24 24h336c13.3 0 24-10.7 24-24V160H248c-13.2 0-24-10.8-24-24zM64 72c0-4.42 3.58-8 8-8h80c4.42 0 8 3.58 8 8v16c0 4.42-3.58 8-8 8H72c-4.42 0-8-3.58-8-8V72zm0 64c0-4.42 3.58-8 8-8h80c4.42 0 8 3.58 8 8v16c0 4.42-3.58 8-8 8H72c-4.42 0-8-3.58-8-8v-16zm192.81 248H304c8.84 0 16 7.16 16 16s-7.16 16-16 16h-47.19c-16.45 0-31.27-9.14-38.64-23.86-2.95-5.92-8.09-6.52-10.17-6.52s-7.22.59-10.02 6.19l-7.67 15.34a15.986 15.986 0 0 1-14.31 8.84c-.38 0-.75-.02-1.14-.05-6.45-.45-12-4.75-14.03-10.89L144 354.59l-10.61 31.88c-5.89 17.66-22.38 29.53-41 29.53H80c-8.84 0-16-7.16-16-16s7.16-16 16-16h12.39c4.83 0 9.11-3.08 10.64-7.66l18.19-54.64c3.3-9.81 12.44-16.41 22.78-16.41s19.48 6.59 22.77 16.41l13.88 41.64c19.77-16.19 54.05-9.7 66 14.16 2.02 4.06 5.96 6.5 10.16 6.5zM377 105L279.1 7c-4.5-4.5-10.6-7-17-7H256v128h128v-6.1c0-6.3-2.5-12.4-7-16.9z\"><\/path><\/svg>\n\t\t\t\t\t\t\t<span class=\"ha-steps-label\">\u6b65\u9aa43<\/span>\n\t\t\t\t\t<\/div>\n\n\t\t<h2 class=\"ha-steps-title\">\u7b7e\u8ba2\u5408\u540c\/\u8ba2\u5355<\/h2>\n\t\t\n\t\t\t\t\t\t<\/div>\n\t\t\t\t<\/div>\n\t\t\t\t<div class=\"elementor-element elementor-element-fd95a1d elementor-widget elementor-widget-ha-step-flow happy-addon ha-step-flow\" data-id=\"fd95a1d\" data-element_type=\"widget\" data-widget_type=\"ha-step-flow.default\">\n\t\t\t\t<div class=\"elementor-widget-container\">\n\t\t\t\t\t\n\t\t<div class=\"ha-steps-icon\">\n\t\t\t\t\t\t\t<span class=\"ha-step-arrow\"><\/span>\n\t\t\t\n\t\t\t<i aria-hidden=\"true\" class=\"huge huge-solar-energy\"><\/i>\n\t\t\t\t\t\t\t<span class=\"ha-steps-label\">\u6b65\u9aa44<\/span>\n\t\t\t\t\t<\/div>\n\n\t\t<h2 class=\"ha-steps-title\">\u751f\u4ea7\u548c\u8d28\u91cf\u63a7\u5236<\/h2>\n\t\t\n\t\t\t\t\t\t<\/div>\n\t\t\t\t<\/div>\n\t\t\t\t<div class=\"elementor-element elementor-element-f87bc18 elementor-widget elementor-widget-ha-step-flow happy-addon ha-step-flow\" data-id=\"f87bc18\" data-element_type=\"widget\" data-widget_type=\"ha-step-flow.default\">\n\t\t\t\t<div class=\"elementor-widget-container\">\n\t\t\t\t\t\n\t\t<div class=\"ha-steps-icon\">\n\t\t\t\n\t\t\t<i aria-hidden=\"true\" class=\"hm hm-delivery-van\"><\/i>\n\t\t\t\t\t\t\t<span class=\"ha-steps-label\">\u6b65\u9aa45<\/span>\n\t\t\t\t\t<\/div>\n\n\t\t<h2 class=\"ha-steps-title\">\u9001\u8d27<\/h2>\n\t\t\n\t\t\t\t\t\t<\/div>\n\t\t\t\t<\/div>\n\t\t\t\t<\/div>\n\t\t\t\t\t<\/div>\n\t\t\t\t<\/div>\n\t\t<div class=\"elementor-element elementor-element-bb8047a e-flex e-con-boxed e-con e-parent\" data-id=\"bb8047a\" data-element_type=\"container\" data-settings=\"{&quot;_ha_eqh_enable&quot;:false}\">\n\t\t\t\t\t<div class=\"e-con-inner\">\n\t\t\t\t<div class=\"elementor-element elementor-element-3ad9c0b elementor-widget elementor-widget-heading\" data-id=\"3ad9c0b\" data-element_type=\"widget\" data-widget_type=\"heading.default\">\n\t\t\t\t<div class=\"elementor-widget-container\">\n\t\t\t\t\t<h2 class=\"elementor-heading-title elementor-size-default\">\u9500\u552e\u6d41\u7a0b\u7ec6\u8282<\/h2>\t\t\t\t<\/div>\n\t\t\t\t<\/div>\n\t\t\t\t<div class=\"elementor-element elementor-element-1e3d6f0 elementor-widget elementor-widget-text-editor\" data-id=\"1e3d6f0\" data-element_type=\"widget\" data-widget_type=\"text-editor.default\">\n\t\t\t\t<div class=\"elementor-widget-container\">\n\t\t\t\t\t\t\t\t\t<p><strong>\u6b65\u9aa4 1\uff1a\u63a5\u6536\u4fe1\u606f\u548c\u5ba2\u6237\u54a8\u8be2<\/strong><\/p><p>\u5ba2\u6237\u53ef\u4ee5\u901a\u8fc7\u70ed\u7ebf\u3001\u7535\u5b50\u90ae\u4ef6\u6216\u76f4\u63a5\u8054\u7cfb\u5de5\u5382\u3002<br \/>\u9500\u552e\u90e8\u95e8\u8bb0\u5f55\u9700\u6c42\uff1a\u6258\u76d8\u7c7b\u578b\u3001\u89c4\u683c\u3001\u6570\u91cf\u3001\u4ea4\u8d27\u65f6\u95f4\u3001\u7279\u6b8a\u8981\u6c42\uff08\u5982\u6709\uff09\u3002<br \/>\u5982\u679c\u5ba2\u6237\u4e0d\u6e05\u695a\u9700\u6c42\uff0c\u5219\u54a8\u8be2\u5408\u9002\u7684\u89e3\u51b3\u65b9\u6848\uff0c\u63d0\u51fa\u8bbe\u8ba1\u6216\u6280\u672f\u89e3\u51b3\u65b9\u6848\u3002<\/p><p><strong>\u7b2c 2 \u6b65\uff1a\u62a5\u4ef7\u4e0e\u534f\u8bae<\/strong><\/p><p>\u505a\u51fa\u8be6\u7ec6\u62a5\u4ef7\uff1a\u5355\u4ef7\u3001\u6570\u91cf\u3001\u751f\u4ea7\u548c\u4ea4\u8d27\u65f6\u95f4\u3001\u4ed8\u6b3e\u6761\u4ef6\u3001\u4fdd\u4fee\u653f\u7b56\u3002<br \/>\u534f\u5546\u5e76\u8c03\u6574\u6761\u6b3e\uff08\u5982\u6709\u5fc5\u8981\uff09\u3002<br \/>\u53d1\u9001\u6b63\u5f0f\u62a5\u4ef7\/\u786e\u8ba4\u62a5\u4ef7\u3002<\/p><p><strong>\u7b2c\u4e09\u6b65\uff1a\u7b7e\u8ba2\u5408\u540c\/\u8ba2\u5355<\/strong><\/p><p>\u5f53\u53cc\u65b9\u540c\u610f\u65f6\uff1a\u521b\u5efa\u5408\u540c\u6216\u8ba2\u5355\u3002<br \/>\u786e\u8ba4\u6761\u6b3e\uff1a\u6570\u91cf-\u4ef7\u683c-\u8fdb\u5ea6-\u4ed8\u6b3e-\u4fdd\u4fee\u3002<br \/>\u5ba2\u6237\u62bc\u91d1\uff08\u5982\u6709\uff0c\u6839\u636e\u6bcf\u4e2a\u8ba2\u5355\u653f\u7b56\uff09\u3002<\/p><p><strong>\u6b65\u9aa44\uff1a\u751f\u4ea7\u548c\u8d28\u91cf\u63a7\u5236<\/strong><\/p><p>\u5c06\u8ba2\u5355\u4fe1\u606f\u4f20\u9012\u7ed9\u751f\u4ea7\u90e8\u95e8\u3002<br \/>\u751f\u4ea7\u8ba1\u5212\u3001\u7269\u6599\u51c6\u5907\u3002<br \/>\u5168\u7a0b\u8d28\u91cf\u63a7\u5236\uff1a\u4ece\u539f\u6750\u6599\u5230\u6210\u54c1\u5747\u7b26\u5408 FSC \u548c ISPM 15 \u6807\u51c6\u3002<\/p><p><strong>\u7b2c\u4e94\u6b65\uff1a\u53d1\u8d27<\/strong><\/p><p>\u6839\u636e\u627f\u8bfa\u7684\u65f6\u95f4\u5b89\u6392\u8fd0\u8f93\u3002<br \/>\u5e93\u5b58\u2014\u2014\u5e93\u5b58\u524d\u72b6\u6001<\/p>\t\t\t\t\t\t\t\t<\/div>\n\t\t\t\t<\/div>\n\t\t\t\t\t<\/div>\n\t\t\t\t<\/div>\n\t\t\t\t<\/div>","protected":false},"excerpt":{"rendered":"<p>Quy tr\u00ecnh b\u00e1n h\u00e0ng S\u01a1 \u0111\u1ed3 quy tr\u00ecnh b\u00e1n h\u00e0ng B\u01b0\u1edbc 1 Ti\u1ebfp nh\u1eadn th\u00f4ng tin &amp; T\u01b0 v\u1ea5n kh\u00e1ch h\u00e0ng B\u01b0\u1edbc 2 B\u00e1o gi\u00e1 &amp; Th\u1ecfa thu\u1eadn B\u01b0\u1edbc 3 K\u00fd h\u1ee3p \u0111\u1ed3ng\/\u0111\u01a1n \u0111\u1eb7t h\u00e0ng B\u01b0\u1edbc 4 S\u1ea3n xu\u1ea5t v\u00e0 ki\u1ec3m so\u00e1t ch\u1ea5t l\u01b0\u1ee3ng B\u01b0\u1edbc 5 Giao h\u00e0ng Chi ti\u1ebft quy tr\u00ecnh b\u00e1n h\u00e0ng B\u01b0\u1edbc [&hellip;]<\/p>","protected":false},"author":1,"featured_media":0,"parent":0,"menu_order":0,"comment_status":"closed","ping_status":"closed","template":"","meta":{"_acf_changed":false,"footnotes":""},"class_list":["post-745","page","type-page","status-publish","hentry"],"acf":[],"_links":{"self":[{"href":"https:\/\/www.dekso.vn\/zh\/wp-json\/wp\/v2\/pages\/745","targetHints":{"allow":["GET"]}}],"collection":[{"href":"https:\/\/www.dekso.vn\/zh\/wp-json\/wp\/v2\/pages"}],"about":[{"href":"https:\/\/www.dekso.vn\/zh\/wp-json\/wp\/v2\/types\/page"}],"author":[{"embeddable":true,"href":"https:\/\/www.dekso.vn\/zh\/wp-json\/wp\/v2\/users\/1"}],"replies":[{"embeddable":true,"href":"https:\/\/www.dekso.vn\/zh\/wp-json\/wp\/v2\/comments?post=745"}],"version-history":[{"count":7,"href":"https:\/\/www.dekso.vn\/zh\/wp-json\/wp\/v2\/pages\/745\/revisions"}],"predecessor-version":[{"id":752,"href":"https:\/\/www.dekso.vn\/zh\/wp-json\/wp\/v2\/pages\/745\/revisions\/752"}],"wp:attachment":[{"href":"https:\/\/www.dekso.vn\/zh\/wp-json\/wp\/v2\/media?parent=745"}],"curies":[{"name":"wp","href":"https:\/\/api.w.org\/{rel}","templated":true}]}}