{"id":391,"date":"2025-03-17T13:38:54","date_gmt":"2025-03-17T13:38:54","guid":{"rendered":"https:\/\/www.dekso.vn\/?page_id=391"},"modified":"2025-05-14T08:31:36","modified_gmt":"2025-05-14T08:31:36","slug":"lien-he","status":"publish","type":"page","link":"https:\/\/www.dekso.vn\/zh\/\u63a5\u89e6\/","title":{"rendered":"\u63a5\u89e6"},"content":{"rendered":"<div data-elementor-type=\"wp-page\" data-elementor-id=\"391\" class=\"elementor elementor-391\" data-elementor-settings=\"{&quot;ha_cmc_init_switcher&quot;:&quot;no&quot;}\" data-elementor-post-type=\"page\">\n\t\t\t\t<div class=\"elementor-element elementor-element-a3f04ac e-flex e-con-boxed e-con e-parent\" data-id=\"a3f04ac\" data-element_type=\"container\" data-settings=\"{&quot;background_background&quot;:&quot;classic&quot;,&quot;_ha_eqh_enable&quot;:false}\">\n\t\t\t\t\t<div class=\"e-con-inner\">\n\t\t\t\t<div class=\"elementor-element elementor-element-f1c7bf4 elementor-widget elementor-widget-heading\" data-id=\"f1c7bf4\" data-element_type=\"widget\" data-widget_type=\"heading.default\">\n\t\t\t\t<div class=\"elementor-widget-container\">\n\t\t\t\t\t<h1 class=\"elementor-heading-title elementor-size-default\">\u63a5\u89e6<\/h1>\t\t\t\t<\/div>\n\t\t\t\t<\/div>\n\t\t\t\t\t<\/div>\n\t\t\t\t<\/div>\n\t\t<div class=\"elementor-element elementor-element-61babea e-flex e-con-boxed e-con e-parent\" data-id=\"61babea\" data-element_type=\"container\" data-settings=\"{&quot;_ha_eqh_enable&quot;:false}\">\n\t\t\t\t\t<div class=\"e-con-inner\">\n\t\t<div class=\"elementor-element elementor-element-954f4f4 e-con-full e-flex e-con e-child\" data-id=\"954f4f4\" data-element_type=\"container\" data-settings=\"{&quot;_ha_eqh_enable&quot;:false}\">\n\t\t<div class=\"elementor-element elementor-element-e41c175 e-con-full e-flex e-con e-child\" data-id=\"e41c175\" data-element_type=\"container\" data-settings=\"{&quot;_ha_eqh_enable&quot;:false}\">\n\t\t\t\t<div class=\"elementor-element elementor-element-628a155 elementor-widget elementor-widget-text-editor\" data-id=\"628a155\" data-element_type=\"widget\" data-widget_type=\"text-editor.default\">\n\t\t\t\t<div class=\"elementor-widget-container\">\n\t\t\t\t\t\t\t\t\t<p><strong>DEKSO \u751f\u4ea7\u548c\u8d38\u6613\u670d\u52a1\u80a1\u4efd\u516c\u53f8<\/strong><br \/>\u5730\u5740\uff1a\u5174\u5b89\u7701\u5f00\u6d32\u6d1e\u4e1c\u7530<br \/>\u7535\u8bdd\uff1a <span style=\"color: #000000;\"><strong><a style=\"color: #000000;\" href=\"tel:0988.555.666\">0965 137 225<\/a><\/strong><\/span><br \/>\u7535\u5b50\u90ae\u4ef6: dekso.pallet@gmail.com<\/p>\t\t\t\t\t\t\t\t<\/div>\n\t\t\t\t<\/div>\n\t\t\t\t<\/div>\n\t\t\t\t<div class=\"elementor-element elementor-element-ecc8621 elementor-widget elementor-widget-n-accordion\" data-id=\"ecc8621\" data-element_type=\"widget\" data-settings=\"{&quot;default_state&quot;:&quot;expanded&quot;,&quot;max_items_expended&quot;:&quot;one&quot;,&quot;n_accordion_animation_duration&quot;:{&quot;unit&quot;:&quot;ms&quot;,&quot;size&quot;:400,&quot;sizes&quot;:[]}}\" data-widget_type=\"nested-accordion.default\">\n\t\t\t\t<div class=\"elementor-widget-container\">\n\t\t\t\t\t\t\t<div class=\"e-n-accordion\" aria-label=\"\u624b\u98ce\u7434\u3002\u4f7f\u7528 Enter \u6216 Space \u6253\u5f00\u94fe\u63a5\uff0c\u4f7f\u7528 Esc \u5173\u95ed\u94fe\u63a5\uff0c\u4f7f\u7528\u7bad\u5934\u952e\u5bfc\u822a\">\n\t\t\t\t\t\t<details id=\"e-n-accordion-item-2480\" class=\"e-n-accordion-item\" open>\n\t\t\t\t<summary class=\"e-n-accordion-item-title\" data-accordion-index=\"1\" tabindex=\"0\" aria-expanded=\"true\" aria-controls=\"e-n-accordion-item-2480\" >\n\t\t\t\t\t<span class='e-n-accordion-item-title-header'><div class=\"e-n-accordion-item-title-text\"> \u6258\u76d8\u7b26\u5408\u51fa\u53e3\u6807\u51c6\u5417\uff1f <\/div><\/span>\n\t\t\t\t\t\t\t\t\t<\/summary>\n\t\t\t\t<div role=\"region\" aria-labelledby=\"e-n-accordion-item-2480\" class=\"elementor-element elementor-element-4ad03e4 e-con-full e-flex e-con e-child\" data-id=\"4ad03e4\" data-element_type=\"container\" data-settings=\"{&quot;_ha_eqh_enable&quot;:false}\">\n\t\t\t\t<div class=\"elementor-element elementor-element-2a13f11 elementor-widget elementor-widget-text-editor\" data-id=\"2a13f11\" data-element_type=\"widget\" data-widget_type=\"text-editor.default\">\n\t\t\t\t<div class=\"elementor-widget-container\">\n\t\t\t\t\t\t\t\t\t<p>\u662f\u7684\uff0c\u5df2\u901a\u8fc7 ISPM 15 \u548c FSC \u8ba4\u8bc1\u3002<\/p>\t\t\t\t\t\t\t\t<\/div>\n\t\t\t\t<\/div>\n\t\t\t\t<\/div>\n\t\t\t\t\t<\/details>\n\t\t\t\t\t\t<details id=\"e-n-accordion-item-2481\" class=\"e-n-accordion-item\" >\n\t\t\t\t<summary class=\"e-n-accordion-item-title\" data-accordion-index=\"2\" tabindex=\"-1\" aria-expanded=\"false\" aria-controls=\"e-n-accordion-item-2481\" >\n\t\t\t\t\t<span class='e-n-accordion-item-title-header'><div class=\"e-n-accordion-item-title-text\"> \u9001\u8d27\u65f6\u95f4\u662f\u591a\u4e45\uff1f <\/div><\/span>\n\t\t\t\t\t\t\t\t\t<\/summary>\n\t\t\t\t<div role=\"region\" aria-labelledby=\"e-n-accordion-item-2481\" class=\"elementor-element elementor-element-f3b7412 e-con-full e-flex e-con e-child\" data-id=\"f3b7412\" data-element_type=\"container\" data-settings=\"{&quot;_ha_eqh_enable&quot;:false}\">\n\t\t\t\t<div class=\"elementor-element elementor-element-8f41c0a elementor-widget elementor-widget-text-editor\" data-id=\"8f41c0a\" data-element_type=\"widget\" data-widget_type=\"text-editor.default\">\n\t\t\t\t<div class=\"elementor-widget-container\">\n\t\t\t\t\t\t\t\t\t<p>\u4e1c\u5357\u4e9a7-15\u5929\uff0c\u6b27\u6d32\u3001\u7f8e\u6d3220-30\u5929\u3002<\/p>\t\t\t\t\t\t\t\t<\/div>\n\t\t\t\t<\/div>\n\t\t\t\t<\/div>\n\t\t\t\t\t<\/details>\n\t\t\t\t\t\t<details id=\"e-n-accordion-item-2482\" class=\"e-n-accordion-item\" >\n\t\t\t\t<summary class=\"e-n-accordion-item-title\" data-accordion-index=\"3\" tabindex=\"-1\" aria-expanded=\"false\" aria-controls=\"e-n-accordion-item-2482\" >\n\t\t\t\t\t<span class='e-n-accordion-item-title-header'><div class=\"e-n-accordion-item-title-text\"> \u8fd0\u8d39\u662f\u591a\u5c11\uff1f <\/div><\/span>\n\t\t\t\t\t\t\t\t\t<\/summary>\n\t\t\t\t<div role=\"region\" aria-labelledby=\"e-n-accordion-item-2482\" class=\"elementor-element elementor-element-d883914 e-con-full e-flex e-con e-child\" data-id=\"d883914\" data-element_type=\"container\" data-settings=\"{&quot;_ha_eqh_enable&quot;:false}\">\n\t\t\t\t<div class=\"elementor-element elementor-element-6e99f67 elementor-widget elementor-widget-text-editor\" data-id=\"6e99f67\" data-element_type=\"widget\" data-widget_type=\"text-editor.default\">\n\t\t\t\t<div class=\"elementor-widget-container\">\n\t\t\t\t\t\t\t\t\t<p>20 \u82f1\u5c3a\u96c6\u88c5\u7bb1\u8fd0\u5f80\u7f8e\u56fd\u7684\u4ef7\u683c\u4ece $2,000 \u5230 $3,000 \u4e0d\u7b49\uff0c\u5177\u4f53\u53d6\u51b3\u4e8e\u6570\u91cf\u548c\u65f6\u95f4\u3002<\/p>\t\t\t\t\t\t\t\t<\/div>\n\t\t\t\t<\/div>\n\t\t\t\t<\/div>\n\t\t\t\t\t<\/details>\n\t\t\t\t\t\t<details id=\"e-n-accordion-item-2483\" class=\"e-n-accordion-item\" >\n\t\t\t\t<summary class=\"e-n-accordion-item-title\" data-accordion-index=\"4\" tabindex=\"-1\" aria-expanded=\"false\" aria-controls=\"e-n-accordion-item-2483\" >\n\t\t\t\t\t<span class='e-n-accordion-item-title-header'><div class=\"e-n-accordion-item-title-text\"> \u6258\u76d8\u80fd\u9632\u767d\u8681\u5417\uff1f <\/div><\/span>\n\t\t\t\t\t\t\t\t\t<\/summary>\n\t\t\t\t<div role=\"region\" aria-labelledby=\"e-n-accordion-item-2483\" class=\"elementor-element elementor-element-36002b0 e-flex e-con-boxed e-con e-child\" data-id=\"36002b0\" data-element_type=\"container\" data-settings=\"{&quot;_ha_eqh_enable&quot;:false}\">\n\t\t\t\t\t<div class=\"e-con-inner\">\n\t\t\t\t<div class=\"elementor-element elementor-element-b83e23c elementor-widget elementor-widget-text-editor\" data-id=\"b83e23c\" data-element_type=\"widget\" data-widget_type=\"text-editor.default\">\n\t\t\t\t<div class=\"elementor-widget-container\">\n\t\t\t\t\t\t\t\t\t<p>\u662f\u7684\uff0c\u6309\u7167 ISPM 15 \u6807\u51c6\u8fdb\u884c\u70ed\u5904\u7406\/\u718f\u84b8\u3002<\/p>\t\t\t\t\t\t\t\t<\/div>\n\t\t\t\t<\/div>\n\t\t\t\t\t<\/div>\n\t\t\t\t<\/div>\n\t\t\t\t\t<\/details>\n\t\t\t\t\t\t<details id=\"e-n-accordion-item-2484\" class=\"e-n-accordion-item\" >\n\t\t\t\t<summary class=\"e-n-accordion-item-title\" data-accordion-index=\"5\" tabindex=\"-1\" aria-expanded=\"false\" aria-controls=\"e-n-accordion-item-2484\" >\n\t\t\t\t\t<span class='e-n-accordion-item-title-header'><div class=\"e-n-accordion-item-title-text\"> \u53ef\u4ee5\u8ba2\u8d2d\u5b9a\u5236\u6258\u76d8\u5c3a\u5bf8\u5417\uff1f <\/div><\/span>\n\t\t\t\t\t\t\t\t\t<\/summary>\n\t\t\t\t<div role=\"region\" aria-labelledby=\"e-n-accordion-item-2484\" class=\"elementor-element elementor-element-af4eb24 e-flex e-con-boxed e-con e-child\" data-id=\"af4eb24\" data-element_type=\"container\" data-settings=\"{&quot;_ha_eqh_enable&quot;:false}\">\n\t\t\t\t\t<div class=\"e-con-inner\">\n\t\t\t\t<div class=\"elementor-element elementor-element-9d5aa71 elementor-widget elementor-widget-text-editor\" data-id=\"9d5aa71\" data-element_type=\"widget\" data-widget_type=\"text-editor.default\">\n\t\t\t\t<div class=\"elementor-widget-container\">\n\t\t\t\t\t\t\t\t\t<p>\u662f\u7684\uff0c\u8bf7\u53d1\u9001\u5177\u4f53\u53c2\u6570\u4ee5\u83b7\u53d6\u8be6\u7ec6\u5efa\u8bae\u3002<\/p>\t\t\t\t\t\t\t\t<\/div>\n\t\t\t\t<\/div>\n\t\t\t\t\t<\/div>\n\t\t\t\t<\/div>\n\t\t\t\t\t<\/details>\n\t\t\t\t\t\t<details id=\"e-n-accordion-item-2485\" class=\"e-n-accordion-item\" >\n\t\t\t\t<summary class=\"e-n-accordion-item-title\" data-accordion-index=\"6\" tabindex=\"-1\" aria-expanded=\"false\" aria-controls=\"e-n-accordion-item-2485\" >\n\t\t\t\t\t<span class='e-n-accordion-item-title-header'><div class=\"e-n-accordion-item-title-text\"> \u6258\u76d8\u4f7f\u7528\u54ea\u79cd\u6728\u6750\uff1f <\/div><\/span>\n\t\t\t\t\t\t\t\t\t<\/summary>\n\t\t\t\t<div role=\"region\" aria-labelledby=\"e-n-accordion-item-2485\" class=\"elementor-element elementor-element-596a06d e-flex e-con-boxed e-con e-child\" data-id=\"596a06d\" data-element_type=\"container\" data-settings=\"{&quot;_ha_eqh_enable&quot;:false}\">\n\t\t\t\t\t<div class=\"e-con-inner\">\n\t\t\t\t<div class=\"elementor-element elementor-element-09c9479 elementor-widget elementor-widget-text-editor\" data-id=\"09c9479\" data-element_type=\"widget\" data-widget_type=\"text-editor.default\">\n\t\t\t\t<div class=\"elementor-widget-container\">\n\t\t\t\t\t\t\t\t\t<p>\u677e\u6728\u3001\u76f8\u601d\u6728\u3001\u6df7\u5408\u6728\u6750\u5747\u7ecf\u8fc7 FSC \u8ba4\u8bc1\u3002<\/p>\t\t\t\t\t\t\t\t<\/div>\n\t\t\t\t<\/div>\n\t\t\t\t\t<\/div>\n\t\t\t\t<\/div>\n\t\t\t\t\t<\/details>\n\t\t\t\t\t\t<details id=\"e-n-accordion-item-2486\" class=\"e-n-accordion-item\" >\n\t\t\t\t<summary class=\"e-n-accordion-item-title\" data-accordion-index=\"7\" tabindex=\"-1\" aria-expanded=\"false\" aria-controls=\"e-n-accordion-item-2486\" >\n\t\t\t\t\t<span class='e-n-accordion-item-title-header'><div class=\"e-n-accordion-item-title-text\"> \u5982\u4f55\u5728 DEKSO \u8ba2\u8d2d\uff1f <\/div><\/span>\n\t\t\t\t\t\t\t\t\t<\/summary>\n\t\t\t\t<div role=\"region\" aria-labelledby=\"e-n-accordion-item-2486\" class=\"elementor-element elementor-element-027c48a e-flex e-con-boxed e-con e-child\" data-id=\"027c48a\" data-element_type=\"container\" data-settings=\"{&quot;_ha_eqh_enable&quot;:false}\">\n\t\t\t\t\t<div class=\"e-con-inner\">\n\t\t\t\t<div class=\"elementor-element elementor-element-8f2bdf0 elementor-widget elementor-widget-text-editor\" data-id=\"8f2bdf0\" data-element_type=\"widget\" data-widget_type=\"text-editor.default\">\n\t\t\t\t<div class=\"elementor-widget-container\">\n\t\t\t\t\t\t\t\t\t<p>\u901a\u8fc7\u7f51\u7ad9\u8868\u683c\u3001\u7535\u5b50\u90ae\u4ef6\u6216\u70ed\u7ebf\u8ba2\u8d2d\u3002<\/p>\t\t\t\t\t\t\t\t<\/div>\n\t\t\t\t<\/div>\n\t\t\t\t\t<\/div>\n\t\t\t\t<\/div>\n\t\t\t\t\t<\/details>\n\t\t\t\t\t\t<details id=\"e-n-accordion-item-2487\" class=\"e-n-accordion-item\" >\n\t\t\t\t<summary class=\"e-n-accordion-item-title\" data-accordion-index=\"8\" tabindex=\"-1\" aria-expanded=\"false\" aria-controls=\"e-n-accordion-item-2487\" >\n\t\t\t\t\t<span class='e-n-accordion-item-title-header'><div class=\"e-n-accordion-item-title-text\"> \u6700\u4f4e\u8ba2\u8d2d\u91cf\u662f\u591a\u5c11\uff1f <\/div><\/span>\n\t\t\t\t\t\t\t\t\t<\/summary>\n\t\t\t\t<div role=\"region\" aria-labelledby=\"e-n-accordion-item-2487\" class=\"elementor-element elementor-element-50abd7b e-flex e-con-boxed e-con e-child\" data-id=\"50abd7b\" data-element_type=\"container\" data-settings=\"{&quot;_ha_eqh_enable&quot;:false}\">\n\t\t\t\t\t<div class=\"e-con-inner\">\n\t\t\t\t<div class=\"elementor-element elementor-element-75d4175 elementor-widget elementor-widget-text-editor\" data-id=\"75d4175\" data-element_type=\"widget\" data-widget_type=\"text-editor.default\">\n\t\t\t\t<div class=\"elementor-widget-container\">\n\t\t\t\t\t\t\t\t\t<p>\u7075\u6d3b\uff0c\u4ece 100 \u4e2a\u6258\u76d8\u5f00\u59cb\u3002<\/p>\t\t\t\t\t\t\t\t<\/div>\n\t\t\t\t<\/div>\n\t\t\t\t\t<\/div>\n\t\t\t\t<\/div>\n\t\t\t\t\t<\/details>\n\t\t\t\t\t\t<details id=\"e-n-accordion-item-2488\" class=\"e-n-accordion-item\" >\n\t\t\t\t<summary class=\"e-n-accordion-item-title\" data-accordion-index=\"9\" tabindex=\"-1\" aria-expanded=\"false\" aria-controls=\"e-n-accordion-item-2488\" >\n\t\t\t\t\t<span class='e-n-accordion-item-title-header'><div class=\"e-n-accordion-item-title-text\"> \u6709\u51fa\u53e3\u8bc1\u660e\u5417\uff1f <\/div><\/span>\n\t\t\t\t\t\t\t\t\t<\/summary>\n\t\t\t\t<div role=\"region\" aria-labelledby=\"e-n-accordion-item-2488\" class=\"elementor-element elementor-element-99dc357 e-flex e-con-boxed e-con e-child\" data-id=\"99dc357\" data-element_type=\"container\" data-settings=\"{&quot;_ha_eqh_enable&quot;:false}\">\n\t\t\t\t\t<div class=\"e-con-inner\">\n\t\t\t\t<div class=\"elementor-element elementor-element-c97e064 elementor-widget elementor-widget-text-editor\" data-id=\"c97e064\" data-element_type=\"widget\" data-widget_type=\"text-editor.default\">\n\t\t\t\t<div class=\"elementor-widget-container\">\n\t\t\t\t\t\t\t\t\t<p>\u662f\u7684\uff0c\u5305\u62ec\u690d\u7269\u68c0\u75ab\u8bc1\u4e66\u548c\u5176\u4ed6\u6240\u9700\u7684\u8ba4\u8bc1\u3002<\/p>\t\t\t\t\t\t\t\t<\/div>\n\t\t\t\t<\/div>\n\t\t\t\t\t<\/div>\n\t\t\t\t<\/div>\n\t\t\t\t\t<\/details>\n\t\t\t\t\t\t<details id=\"e-n-accordion-item-2489\" class=\"e-n-accordion-item\" >\n\t\t\t\t<summary class=\"e-n-accordion-item-title\" data-accordion-index=\"10\" tabindex=\"-1\" aria-expanded=\"false\" aria-controls=\"e-n-accordion-item-2489\" >\n\t\t\t\t\t<span class='e-n-accordion-item-title-header'><div class=\"e-n-accordion-item-title-text\"> \u9000\u8d27\u653f\u7b56\u662f\u4ec0\u4e48\uff1f <\/div><\/span>\n\t\t\t\t\t\t\t\t\t<\/summary>\n\t\t\t\t<div role=\"region\" aria-labelledby=\"e-n-accordion-item-2489\" class=\"elementor-element elementor-element-3bb2fad e-flex e-con-boxed e-con e-child\" data-id=\"3bb2fad\" data-element_type=\"container\" data-settings=\"{&quot;_ha_eqh_enable&quot;:false}\">\n\t\t\t\t\t<div class=\"e-con-inner\">\n\t\t\t\t<div class=\"elementor-element elementor-element-c838547 elementor-widget elementor-widget-text-editor\" data-id=\"c838547\" data-element_type=\"widget\" data-widget_type=\"text-editor.default\">\n\t\t\t\t<div class=\"elementor-widget-container\">\n\t\t\t\t\t\t\t\t\t<p>\u5982\u679c\u4ea7\u54c1\u5b58\u5728\u5236\u9020\u7f3a\u9677\uff0c\u8bf7\u5728 7 \u5929\u5185\u9000\u8d27\u3002<\/p>\t\t\t\t\t\t\t\t<\/div>\n\t\t\t\t<\/div>\n\t\t\t\t\t<\/div>\n\t\t\t\t<\/div>\n\t\t\t\t\t<\/details>\n\t\t\t\t\t<\/div>\n\t\t\t\t\t<script type=\"application\/ld+json\">{\n    \"@context\": \"https:\\\/\\\/schema.org\",\n    \"@type\": \"FAQPage\",\n    \"mainEntity\": [\n        {\n            \"@type\": \"Question\",\n            \"name\": \"Pallet c\\u00f3 \\u0111\\u1ea1t ti\\u00eau chu\\u1ea9n xu\\u1ea5t kh\\u1ea9u kh\\u00f4ng?\",\n            \"acceptedAnswer\": {\n                \"@type\": \"Answer\",\n                \"text\": \"\"\n            }\n        },\n        {\n            \"@type\": \"Question\",\n            \"name\": \"Th\\u1eddi gian giao h\\u00e0ng l\\u00e0 bao l\\u00e2u?\",\n            \"acceptedAnswer\": {\n                \"@type\": \"Answer\",\n                \"text\": \"\"\n            }\n        },\n        {\n            \"@type\": \"Question\",\n            \"name\": \"Chi ph\\u00ed v\\u1eadn chuy\\u1ec3n nh\\u01b0 th\\u1ebf n\\u00e0o?\",\n            \"acceptedAnswer\": {\n                \"@type\": \"Answer\",\n                \"text\": \"\"\n            }\n        },\n        {\n            \"@type\": \"Question\",\n            \"name\": \"Pallet c\\u00f3 ch\\u1ed1ng m\\u1ed1i m\\u1ecdt kh\\u00f4ng?\",\n            \"acceptedAnswer\": {\n                \"@type\": \"Answer\",\n                \"text\": \"\"\n            }\n        },\n        {\n            \"@type\": \"Question\",\n            \"name\": \"C\\u00f3 th\\u1ec3 \\u0111\\u1eb7t k\\u00edch th\\u01b0\\u1edbc pallet t\\u00f9y ch\\u1ec9nh kh\\u00f4ng?\",\n            \"acceptedAnswer\": {\n                \"@type\": \"Answer\",\n                \"text\": \"\"\n            }\n        },\n        {\n            \"@type\": \"Question\",\n            \"name\": \"Lo\\u1ea1i g\\u1ed7 s\\u1eed d\\u1ee5ng cho pallet l\\u00e0 g\\u00ec?\",\n            \"acceptedAnswer\": {\n                \"@type\": \"Answer\",\n                \"text\": \"\"\n            }\n        },\n        {\n            \"@type\": \"Question\",\n            \"name\": \"C\\u00e1ch \\u0111\\u1eb7t h\\u00e0ng t\\u1ea1i DEKSO?\",\n            \"acceptedAnswer\": {\n                \"@type\": \"Answer\",\n                \"text\": \"\"\n            }\n        },\n        {\n            \"@type\": \"Question\",\n            \"name\": \"S\\u1ed1 l\\u01b0\\u1ee3ng \\u0111\\u1eb7t h\\u00e0ng t\\u1ed1i thi\\u1ec3u l\\u00e0 bao nhi\\u00eau?\",\n            \"acceptedAnswer\": {\n                \"@type\": \"Answer\",\n                \"text\": \"\"\n            }\n        },\n        {\n            \"@type\": \"Question\",\n            \"name\": \"C\\u00f3 gi\\u1ea5y ch\\u1ee9ng nh\\u1eadn xu\\u1ea5t kh\\u1ea9u kh\\u00f4ng?\",\n            \"acceptedAnswer\": {\n                \"@type\": \"Answer\",\n                \"text\": \"\"\n            }\n        },\n        {\n            \"@type\": \"Question\",\n            \"name\": \"Ch\\u00ednh s\\u00e1ch \\u0111\\u1ed5i tr\\u1ea3 nh\\u01b0 th\\u1ebf n\\u00e0o?\",\n            \"acceptedAnswer\": {\n                \"@type\": \"Answer\",\n                \"text\": \"\"\n            }\n        }\n    ]\n}<\/script>\n\t\t\t\t\t\t\t<\/div>\n\t\t\t\t<\/div>\n\t\t\t\t<\/div>\n\t\t<div class=\"elementor-element elementor-element-cc4276a e-con-full e-flex e-con e-child\" data-id=\"cc4276a\" data-element_type=\"container\" data-settings=\"{&quot;background_background&quot;:&quot;classic&quot;,&quot;shape_divider_top&quot;:&quot;split&quot;,&quot;_ha_eqh_enable&quot;:false}\">\n\t\t\t\t<div class=\"elementor-shape elementor-shape-top\" data-negative=\"false\">\n\t\t\t<svg xmlns=\"http:\/\/www.w3.org\/2000\/svg\" viewbox=\"0 0 1000 20\" preserveaspectratio=\"none\">\n\t<path class=\"elementor-shape-fill\" d=\"M0,0v3c0,0,393.8,0,483.4,0c9.2,0,16.6,7.4,16.6,16.6c0-9.1,7.4-16.6,16.6-16.6C606.2,3,1000,3,1000,3V0H0z\"\/>\n<\/svg>\t\t<\/div>\n\t\t\t\t<div class=\"elementor-element elementor-element-2bd588f elementor-widget elementor-widget-ha-fluent-form happy-addon ha-fluent-form\" data-id=\"2bd588f\" data-element_type=\"widget\" data-widget_type=\"ha-fluent-form.default\">\n\t\t\t\t<div class=\"elementor-widget-container\">\n\t\t\t\t\t<div class='fluentform ff-default fluentform_wrapper_3 ffs_default_wrap'><form data-form_id=\"3\" id=\"fluentform_3\" class=\"frm-fluent-form fluent_form_3 ff-el-form-top ff_form_instance_3_1 ff-form-loading ffs_default\" data-form_instance=\"ff_form_instance_3_1\" method=\"POST\" action=\"\" ><fieldset  style=\"border: none!important;margin: 0!important;padding: 0!important;background-color: transparent!important;box-shadow: none!important;outline: none!important; min-inline-size: 100%;\">\n                    <legend class=\"ff_screen_reader_title\" style=\"display: block; margin: 0!important;padding: 0!important;height: 0!important;text-indent: -999999px;width: 0!important;overflow:hidden;\">\u8054\u7cfb\u8868\u5355\u6f14\u793a (#3)<\/legend><input type='hidden' name='__fluent_form_embded_post_id' value='391' \/><input type=\"hidden\" id=\"_fluentform_3_fluentformnonce\" name=\"_fluentform_3_fluentformnonce\" value=\"9d21af393f\" \/><input type=\"hidden\" name=\"_wp_http_referer\" value=\"\/zh\/wp-json\/wp\/v2\/pages\/391\" \/><div data-type=\"name-element\" data-name=\"names\" class=\"ff-field_container ff-name-field-wrapper\" ><div class='ff-t-container'><div class='ff-t-cell'><div class='ff-el-group'><div class=\"ff-el-input--label asterisk-right\"><label for='ff_3_names_first_name_' >\u60a8\u7684\u540d\u5b57<\/label><\/div><div class='ff-el-input--content'><input type=\"text\" name=\"names[first_name]\" id=\"ff_3_names_first_name_\" class=\"ff-el-form-control\" placeholder=\"\u60a8\u7684\u540d\u5b57\" aria-invalid=\"false\" aria-required=\"false\"><\/div><\/div><\/div><\/div><\/div><div class='ff-el-group'><div class=\"ff-el-input--label asterisk-right\"><label for='ff_3_input_mask' aria-label=\"\u516c\u53f8\">\u516c\u53f8<\/label><\/div><div class='ff-el-input--content'><input type=\"text\" name=\"input_mask\" class=\"ff-el-form-control\" data-name=\"input_mask\" id=\"ff_3_input_mask\"  aria-invalid=\"false\" aria-required=\"false\"><\/div><\/div><div data-name=\"ff_cn_id_1\"  class='ff-t-container ff-column-container ff_columns_total_2'><div class='ff-t-cell ff-t-column-1' style='flex-basis: 50%;'><div class='ff-el-group'><div class=\"ff-el-input--label ff-el-is-required asterisk-right\"><label for='ff_3_input_text' aria-label=\"\u7535\u8bdd\u53f7\u7801\">\u7535\u8bdd\u53f7\u7801<\/label><\/div><div class='ff-el-input--content'><input type=\"text\" name=\"input_text\" class=\"ff-el-form-control\" placeholder=\"\u60a8\u7684\u7535\u8bdd\u53f7\u7801\" data-name=\"input_text\" id=\"ff_3_input_text\"  aria-invalid=\"false\" aria-required=\"true\"><\/div><\/div><\/div><div class='ff-t-cell ff-t-column-2' style='flex-basis: 50%;'><div class='ff-el-group'><div class=\"ff-el-input--label ff-el-is-required asterisk-right\"><label for='ff_3_email' aria-label=\"\u7535\u5b50\u90ae\u4ef6\">\u7535\u5b50\u90ae\u4ef6<\/label><\/div><div class='ff-el-input--content'><input type=\"email\" name=\"email\" id=\"ff_3_email\" class=\"ff-el-form-control\" placeholder=\"\u7535\u5b50\u90ae\u4ef6\" data-name=\"email\"  aria-invalid=\"false\" aria-required=\"true\"><\/div><\/div><\/div><\/div><div class='ff-el-group'><div class=\"ff-el-input--label ff-el-is-required asterisk-right\"><label for='ff_3_message' aria-label=\"\u4fe1\u606f\">\u4fe1\u606f<\/label><\/div><div class='ff-el-input--content'><textarea aria-invalid=\"false\" aria-required=\"true\" name=\"message\" id=\"ff_3_message\" class=\"ff-el-form-control\" placeholder=\"\u6d88\u606f\u3001\u8bf7\u6c42\u3001\u8054\u7cfb\u4fe1\u606f\u2026\u2026\" rows=\"4\" cols=\"2\" data-name=\"message\" ><\/textarea><\/div><\/div><div class='ff-el-group ff-text-left ff_submit_btn_wrapper'><button type=\"submit\" class=\"ff-btn ff-btn-submit ff-btn-md ff_btn_style\" >\u53d1\u9001\u6d88\u606f<\/button><\/div><\/fieldset><input type=\"hidden\" name=\"trp-form-language\" value=\"zh\"\/><\/form><div id='fluentform_3_errors' class='ff-errors-in-stack ff_form_instance_3_1 ff-form-loading_errors ff_form_instance_3_1_errors'><\/div><\/div>        <script type=\"text\/javascript\">\n            window.fluent_form_ff_form_instance_3_1 = {\"id\":\"3\",\"settings\":{\"layout\":{\"labelPlacement\":\"top\",\"asteriskPlacement\":\"asterisk-right\",\"helpMessagePlacement\":\"with_label\",\"errorMessagePlacement\":\"inline\",\"cssClassName\":\"\"},\"restrictions\":{\"denyEmptySubmission\":{\"enabled\":false}}},\"form_instance\":\"ff_form_instance_3_1\",\"form_id_selector\":\"fluentform_3\",\"rules\":{\"names[first_name]\":{\"required\":{\"value\":false,\"message\":\"\\u8fd9\\u662f\\u5fc5\\u586b\\u680f\",\"global\":true,\"global_message\":\"Tr\\u01b0\\u1eddng n\\u00e0y l\\u00e0 b\\u1eaft bu\\u1ed9c\"}},\"names[middle_name]\":{\"required\":{\"value\":false,\"message\":\"\\u8fd9\\u662f\\u5fc5\\u586b\\u680f\",\"global\":true,\"global_message\":\"Tr\\u01b0\\u1eddng n\\u00e0y l\\u00e0 b\\u1eaft bu\\u1ed9c\"}},\"names[last_name]\":{\"required\":{\"value\":false,\"message\":\"\\u8fd9\\u662f\\u5fc5\\u586b\\u680f\",\"global\":true,\"global_message\":\"Tr\\u01b0\\u1eddng n\\u00e0y l\\u00e0 b\\u1eaft bu\\u1ed9c\"}},\"input_mask\":{\"required\":{\"value\":false,\"message\":\"\\u8fd9\\u662f\\u5fc5\\u586b\\u680f\",\"global_message\":\"Tr\\u01b0\\u1eddng n\\u00e0y l\\u00e0 b\\u1eaft bu\\u1ed9c\",\"global\":true}},\"input_text\":{\"required\":{\"value\":true,\"message\":\"\\u8fd9\\u662f\\u5fc5\\u586b\\u680f\",\"global_message\":\"Tr\\u01b0\\u1eddng n\\u00e0y l\\u00e0 b\\u1eaft bu\\u1ed9c\",\"global\":true}},\"email\":{\"required\":{\"value\":true,\"message\":\"\\u8fd9\\u662f\\u5fc5\\u586b\\u680f\",\"global\":true,\"global_message\":\"Tr\\u01b0\\u1eddng n\\u00e0y l\\u00e0 b\\u1eaft bu\\u1ed9c\"},\"email\":{\"value\":true,\"message\":\"\\u6b64\\u5b57\\u6bb5\\u5fc5\\u987b\\u5305\\u542b\\u6709\\u6548\\u7684\\u7535\\u5b50\\u90ae\\u7bb1\\u5730\\u5740\",\"global\":true,\"global_message\":\"Tr\\u01b0\\u1eddng n\\u00e0y ph\\u1ea3i ch\\u1ee9a m\\u1ed9t email h\\u1ee3p l\\u1ec7\"}},\"message\":{\"required\":{\"value\":true,\"message\":\"\\u8fd9\\u662f\\u5fc5\\u586b\\u680f\",\"global\":true,\"global_message\":\"Tr\\u01b0\\u1eddng n\\u00e0y l\\u00e0 b\\u1eaft bu\\u1ed9c\"}}},\"debounce_time\":300};\n                    <\/script>\n        \t\t\t\t<\/div>\n\t\t\t\t<\/div>\n\t\t\t\t<\/div>\n\t\t\t\t\t<\/div>\n\t\t\t\t<\/div>\n\t\t\t\t<\/div>","protected":false},"excerpt":{"rendered":"<p>Li\u00ean h\u1ec7 C\u00d4NG TY C\u1ed4 PH\u1ea6N S\u1ea2N XU\u1ea4T V\u00c0 TH\u01af\u01a0NG M\u1ea0I D\u1ecaCH V\u1ee4 DEKSO\u0110\u1ecba ch\u1ec9: \u0110\u1ed3ng Ti\u1ebfn, Kho\u00e1i Ch\u00e2u, H\u01b0ng Y\u00ean\u0110i\u1ec7n tho\u1ea1i: 0965 137 225Email: dekso.pallet@gmail.com Pallet c\u00f3 \u0111\u1ea1t ti\u00eau chu\u1ea9n xu\u1ea5t kh\u1ea9u kh\u00f4ng? C\u00f3, \u0111\u1ea1t ti\u00eau chu\u1ea9n ISPM 15 v\u00e0 FSC. Th\u1eddi gian giao h\u00e0ng l\u00e0 bao l\u00e2u? 7-15 ng\u00e0y cho \u0110\u00f4ng Nam \u00c1 [&hellip;]<\/p>","protected":false},"author":1,"featured_media":0,"parent":0,"menu_order":0,"comment_status":"closed","ping_status":"closed","template":"","meta":{"_acf_changed":false,"footnotes":""},"class_list":["post-391","page","type-page","status-publish","hentry"],"acf":[],"_links":{"self":[{"href":"https:\/\/www.dekso.vn\/zh\/wp-json\/wp\/v2\/pages\/391","targetHints":{"allow":["GET"]}}],"collection":[{"href":"https:\/\/www.dekso.vn\/zh\/wp-json\/wp\/v2\/pages"}],"about":[{"href":"https:\/\/www.dekso.vn\/zh\/wp-json\/wp\/v2\/types\/page"}],"author":[{"embeddable":true,"href":"https:\/\/www.dekso.vn\/zh\/wp-json\/wp\/v2\/users\/1"}],"replies":[{"embeddable":true,"href":"https:\/\/www.dekso.vn\/zh\/wp-json\/wp\/v2\/comments?post=391"}],"version-history":[{"count":25,"href":"https:\/\/www.dekso.vn\/zh\/wp-json\/wp\/v2\/pages\/391\/revisions"}],"predecessor-version":[{"id":1047,"href":"https:\/\/www.dekso.vn\/zh\/wp-json\/wp\/v2\/pages\/391\/revisions\/1047"}],"wp:attachment":[{"href":"https:\/\/www.dekso.vn\/zh\/wp-json\/wp\/v2\/media?parent=391"}],"curies":[{"name":"wp","href":"https:\/\/api.w.org\/{rel}","templated":true}]}}