{"id":758,"date":"2025-04-02T23:21:15","date_gmt":"2025-04-02T23:21:15","guid":{"rendered":"https:\/\/www.dekso.vn\/?page_id=758"},"modified":"2025-04-09T22:52:33","modified_gmt":"2025-04-09T22:52:33","slug":"van-hoa-doanh-nghiep","status":"publish","type":"page","link":"https:\/\/www.dekso.vn\/ko\/\uae30\uc5c5-\ubb38\ud654\/","title":{"rendered":"\uae30\uc5c5 \ubb38\ud654"},"content":{"rendered":"<div data-elementor-type=\"wp-page\" data-elementor-id=\"758\" class=\"elementor elementor-758\" data-elementor-settings=\"{&quot;ha_cmc_init_switcher&quot;:&quot;no&quot;}\" data-elementor-post-type=\"page\">\n\t\t\t\t<div class=\"elementor-element elementor-element-449ce75 e-flex e-con-boxed e-con e-parent\" data-id=\"449ce75\" data-element_type=\"container\" data-settings=\"{&quot;background_background&quot;:&quot;classic&quot;,&quot;_ha_eqh_enable&quot;:false}\">\n\t\t\t\t\t<div class=\"e-con-inner\">\n\t\t\t\t<div class=\"elementor-element elementor-element-6e97e487 elementor-widget elementor-widget-heading\" data-id=\"6e97e487\" data-element_type=\"widget\" data-widget_type=\"heading.default\">\n\t\t\t\t<div class=\"elementor-widget-container\">\n\t\t\t\t\t<h1 class=\"elementor-heading-title elementor-size-default\">\uae30\uc5c5 \ubb38\ud654<\/h1>\t\t\t\t<\/div>\n\t\t\t\t<\/div>\n\t\t\t\t\t<\/div>\n\t\t\t\t<\/div>\n\t\t<div class=\"elementor-element elementor-element-56606f2 e-flex e-con-boxed e-con e-parent\" data-id=\"56606f2\" data-element_type=\"container\" data-settings=\"{&quot;_ha_eqh_enable&quot;:false}\">\n\t\t\t\t\t<div class=\"e-con-inner\">\n\t\t\t\t<div class=\"elementor-element elementor-element-07da9f0 elementor-widget elementor-widget-text-editor\" data-id=\"07da9f0\" data-element_type=\"widget\" data-widget_type=\"text-editor.default\">\n\t\t\t\t<div class=\"elementor-widget-container\">\n\t\t\t\t\t\t\t\t\t<p>DEKSO\uc5d0\uc11c\ub294 \uc9c0\uc18d \uac00\ub2a5\ud55c \uc0ac\uc5c5\uc774\ub780 \uce5c\uc808\ud55c \uc0ac\ub78c\ub4e4\uacfc \uae0d\uc815\uc801\uc778 \uc5c5\ubb34 \ubb38\ud654 \uc704\uc5d0 \uc138\uc6cc\uc9c4 \uc0ac\uc5c5\uc774\ub77c\uace0 \ubbff\uc2b5\ub2c8\ub2e4. DEKSO\ub294 \uc0dd\uc0b0 \ud6a8\uc728\uc131\uacfc \uc81c\ud488 \ud488\uc9c8\uc5d0\ub9cc \uc9d1\uc911\ud558\ub294 \uac83\uc774 \uc544\ub2c8\ub77c, \ubaa8\ub4e0 \uc784\uc6d0\uacfc \uc9c1\uc6d0\uc744 \uc704\ud55c \ud1b5\ud569\uc801\uc774\uace0 \uc804\ubb38\uc801\uc774\uba70 \uc751\uc9d1\ub825 \uc788\ub294 \uc5c5\ubb34 \ud658\uacbd\uc744 \uad6c\ucd95\ud558\ub294 \ub370 \ud2b9\ubcc4\ud55c \uc8fc\uc758\ub97c \uae30\uc6b8\uc785\ub2c8\ub2e4.<\/p><p><strong>1. \uac00\uc7a5 \uc791\uc740 \uac83\ubd80\ud130 \uc2e0\uacbd \uc4f0\uc138\uc694<\/strong><br \/>DEKSO \ubb38\ud654\uc758 \uac00\uc7a5 \ud070 \ud2b9\uc9d5 \uc911 \ud558\ub098\ub294 \uc9c1\uc6d0\uc758 \uc77c\uc0c1 \uc0dd\ud65c\uc5d0 \ub300\ud55c \uc0ac\ub824 \uae4a\uc740 \uad00\uc2ec\uc785\ub2c8\ub2e4. \uc774 \ud68c\uc0ac\ub294 \uacf5\uc7a5 \ub0b4\uc5d0 \uacf5\ub3d9\uc8fc\ubc29\uc744 \uc870\uc9c1\ud558\uc5ec \uc9c1\uc6d0\uacfc \uadfc\ub85c\uc790\ub4e4\uc5d0\uac8c \ub530\ub73b\ud558\uace0 \uc601\uc591\uac00 \uc788\ub294 \uc810\uc2ec\uacfc \uc800\ub141\uc744 \uc81c\uacf5\ud569\ub2c8\ub2e4. \ub9e4 \uc2dd\uc0ac\ub294 \uac74\uac15\uc744 \ubcf4\uc7a5\ud560 \ubfd0\ub9cc \uc544\ub2c8\ub77c \ud68c\uc0ac \uad6c\uc131\uc6d0 \uac04\uc758 \uc720\ub300\uac10\uacfc \uacf5\uc720\ub97c \uc704\ud55c \uc2dc\uac04\uc774\uae30\ub3c4 \ud569\ub2c8\ub2e4.<\/p><p>\ub610\ud55c, \uc791\uc5c5 \uacf5\uac04\uc774 \ud56d\uc0c1 \uae68\ub057\ud558\uace0, \uc548\uc804\ud558\uace0, \uc815\ub3c8\ub418\uc5b4 \uc788\ub3c4\ub85d \ubcf4\uc548 \ubc0f \uccad\uc18c \uc9c1\uc6d0\ub3c4 \ubc30\uce58\ub429\ub2c8\ub2e4.<\/p><p><strong>2. \ud568\uaed8 \uc77c\ud558\ub294 \uac83\uc740 \uc55e\uc73c\ub85c \ub098\uc544\uac00\ub294 \uac83\uc785\ub2c8\ub2e4<\/strong><br \/>DEKSO\ub294 \ud611\ub825\uacfc \uc0c1\ud638 \uc9c0\uc6d0\uc758 \uc815\uc2e0\uc744 \ubc14\ud0d5\uc73c\ub85c \ud55c \uadfc\ubb34 \ubb38\ud654\ub97c \uad6c\ucd95\ud569\ub2c8\ub2e4. \ud589\uc815\ubd80\uc11c(\uc778\uc0ac\ubd80), \ucee4\ubba4\ub2c8\ucf00\uc774\uc158\ubd80\uc11c(\ub9c8\ucf00\ud305\ubd80), \uc0dd\uc0b0\ubd80\uc11c(\ubb3c\ub958\ubd80) \ub4f1 \ubaa8\ub4e0 \ubd80\uc11c\uac00 \ud1b5\ud569\ub41c \ud504\ub85c\uc138\uc2a4\uc5d0 \ub530\ub77c \uc6d0\ud65c\ud558\uac8c \ud611\ub825\ud569\ub2c8\ub2e4. &quot;\uc791\uc5c5\uc7a5&quot;\uacfc &quot;\uc0ac\ubb34\uc2e4&quot; \uc0ac\uc774\uc5d0 \uacbd\uacc4\uac00 \uc5c6\uc2b5\ub2c8\ub2e4. \ubaa8\ub450 \ud558\ub098\uc758 \uc9d1\ub2e8\uc774\uba70, \uacf5\ud1b5\uc758 \ubaa9\ud45c\ub97c \uc704\ud574 \uc874\uc7ac\ud569\ub2c8\ub2e4.<\/p><p>\uc6b0\ub9ac\ub294 \uc5c5\ubb34\uc5d0 \uc788\uc5b4\uc11c \uc815\uc9c1\ud568, \uc8fc\ub3c4\uc131, \ucc45\uc784\uac10\uc744 \uc911\uc2dc\ud569\ub2c8\ub2e4. \uac01 \uac1c\uc778\uc774 \uc790\uc2e0\uc758 \uc758\uacac\uc744 \ud45c\ud604\ud558\uace0, \uac1c\uc120 \uc0ac\ud56d\uc744 \uc81c\uc548\ud558\uace0, \uae0d\uc815\uc801\uc778 \uadfc\ubb34 \ud658\uacbd\uc744 \uad6c\ucd95\ud558\uae30 \uc704\ud574 \ud568\uaed8 \ub178\ub825\ud558\ub3c4\ub85d \uc7a5\ub824\ud569\ub2c8\ub2e4.<\/p><p><strong>3. \ub0b4\ubd80 \uad50\uc721 \u2013 \ud559\uc2b5 \ubc0f \uacf5\uc720 \ubb38\ud654<\/strong><br \/>DEKSO\ub294 \uc815\uae30\uc801\uc73c\ub85c \uae30\uc220 \uad50\uc721 \uc138\uc158, \uc548\uc804 \uad50\uc721, \ud504\ub85c\uc138\uc2a4 \uc9c0\uce68\uc744 \uc870\uc9c1\ud558\uc5ec \uadfc\ub85c\uc790\uc758 \uae30\uc220\uc744 \ud5a5\uc0c1\uc2dc\ud0a4\uace0, \uac01 \uac1c\uc778\uc774 \uc804\uccb4 \uc0dd\uc0b0 \uccb4\uc778\uc5d0\uc11c \uc790\uc2e0\uc758 \uc5ed\ud560\uc744 \ub354 \uc798 \uc774\ud574\ud560 \uc218 \uc788\ub294 \ud658\uacbd\uc744 \uc870\uc131\ud569\ub2c8\ub2e4.<\/p><p>\uc774\uc640 \ud568\uaed8 \uae30\uc5c5 \ubb38\ud654, \uc18c\ud504\ud2b8 \uc2a4\ud0ac, \ud6a8\uacfc\uc801\uc778 \uc5c5\ubb34 \ubc29\ubc95\uc5d0 \ub300\ud55c \uc9c0\uc2dd \uacf5\uc720, \ub0b4\ubd80 \ucee4\ubba4\ub2c8\ucf00\uc774\uc158 \ud65c\ub3d9\uc774 \uc774\ub8e8\uc5b4\uc9d1\ub2c8\ub2e4. \uc6b0\ub9ac\ub294 \uc0ac\ub78c\uc5d0\uac8c \ud22c\uc790\ud558\ub294 \uac83\uc774 \uc7a5\uae30\uc801\uc73c\ub85c \uac00\uc7a5 \uc218\uc775\uc131 \uc788\ub294 \ud22c\uc790\ub77c\uace0 \ubbff\uc2b5\ub2c8\ub2e4.<\/p><p><em><strong>DEKSO \ubb38\ud654\ub294 \uc2ac\ub85c\uac74\uc774 \uc544\ub2d9\ub2c8\ub2e4. \uc6b0\ub9ac\uac00 \ub9e4\uc77c \ud568\uaed8 \uc0b4\uace0, \uc77c\ud558\uace0, \uac77\ub294 \ubc29\uc2dd\uc785\ub2c8\ub2e4.<\/strong><\/em><\/p>\t\t\t\t\t\t\t\t<\/div>\n\t\t\t\t<\/div>\n\t\t\t\t\t<\/div>\n\t\t\t\t<\/div>\n\t\t\t\t<\/div>","protected":false},"excerpt":{"rendered":"<p>V\u0103n h\u00f3a doanh nghi\u1ec7p T\u1ea1i DEKSO, ch\u00fang t\u00f4i tin r\u1eb1ng doanh nghi\u1ec7p ph\u00e1t tri\u1ec3n b\u1ec1n v\u1eefng l\u00e0 doanh nghi\u1ec7p \u0111\u01b0\u1ee3c x\u00e2y d\u1ef1ng t\u1eeb n\u1ec1n t\u1ea3ng con ng\u01b0\u1eddi t\u1eed t\u1ebf v\u00e0 v\u0103n ho\u00e1 l\u00e0m vi\u1ec7c t\u00edch c\u1ef1c. Kh\u00f4ng ch\u1ec9 t\u1eadp trung v\u00e0o hi\u1ec7u qu\u1ea3 s\u1ea3n xu\u1ea5t v\u00e0 ch\u1ea5t l\u01b0\u1ee3ng s\u1ea3n ph\u1ea9m, DEKSO c\u00f2n \u0111\u1eb7c bi\u1ec7t ch\u00fa [&hellip;]<\/p>","protected":false},"author":1,"featured_media":0,"parent":0,"menu_order":0,"comment_status":"closed","ping_status":"closed","template":"","meta":{"_acf_changed":false,"footnotes":""},"class_list":["post-758","page","type-page","status-publish","hentry"],"acf":[],"_links":{"self":[{"href":"https:\/\/www.dekso.vn\/ko\/wp-json\/wp\/v2\/pages\/758","targetHints":{"allow":["GET"]}}],"collection":[{"href":"https:\/\/www.dekso.vn\/ko\/wp-json\/wp\/v2\/pages"}],"about":[{"href":"https:\/\/www.dekso.vn\/ko\/wp-json\/wp\/v2\/types\/page"}],"author":[{"embeddable":true,"href":"https:\/\/www.dekso.vn\/ko\/wp-json\/wp\/v2\/users\/1"}],"replies":[{"embeddable":true,"href":"https:\/\/www.dekso.vn\/ko\/wp-json\/wp\/v2\/comments?post=758"}],"version-history":[{"count":7,"href":"https:\/\/www.dekso.vn\/ko\/wp-json\/wp\/v2\/pages\/758\/revisions"}],"predecessor-version":[{"id":921,"href":"https:\/\/www.dekso.vn\/ko\/wp-json\/wp\/v2\/pages\/758\/revisions\/921"}],"wp:attachment":[{"href":"https:\/\/www.dekso.vn\/ko\/wp-json\/wp\/v2\/media?parent=758"}],"curies":[{"name":"wp","href":"https:\/\/api.w.org\/{rel}","templated":true}]}}