{"id":745,"date":"2025-04-02T23:00:02","date_gmt":"2025-04-02T23:00:02","guid":{"rendered":"https:\/\/www.dekso.vn\/?page_id=745"},"modified":"2025-04-02T23:17:47","modified_gmt":"2025-04-02T23:17:47","slug":"quy-trinh-ban-hang","status":"publish","type":"page","link":"https:\/\/www.dekso.vn\/ko\/quy-trinh-ban-hang\/","title":{"rendered":"\ud310\ub9e4 \ud504\ub85c\uc138\uc2a4"},"content":{"rendered":"<div data-elementor-type=\"wp-page\" data-elementor-id=\"745\" class=\"elementor elementor-745\" data-elementor-settings=\"{&quot;ha_cmc_init_switcher&quot;:&quot;no&quot;}\" data-elementor-post-type=\"page\">\n\t\t\t\t<div class=\"elementor-element elementor-element-669b8fc e-flex e-con-boxed e-con e-parent\" data-id=\"669b8fc\" data-element_type=\"container\" data-settings=\"{&quot;background_background&quot;:&quot;classic&quot;,&quot;_ha_eqh_enable&quot;:false}\">\n\t\t\t\t\t<div class=\"e-con-inner\">\n\t\t\t\t<div class=\"elementor-element elementor-element-42e7d51 elementor-widget elementor-widget-heading\" data-id=\"42e7d51\" data-element_type=\"widget\" data-widget_type=\"heading.default\">\n\t\t\t\t<div class=\"elementor-widget-container\">\n\t\t\t\t\t<h2 class=\"elementor-heading-title elementor-size-default\">\ud310\ub9e4 \ud504\ub85c\uc138\uc2a4<\/h2>\t\t\t\t<\/div>\n\t\t\t\t<\/div>\n\t\t\t\t\t<\/div>\n\t\t\t\t<\/div>\n\t\t<div class=\"elementor-element elementor-element-e612dbf e-flex e-con-boxed e-con e-parent\" data-id=\"e612dbf\" data-element_type=\"container\" data-settings=\"{&quot;_ha_eqh_enable&quot;:false}\">\n\t\t\t\t\t<div class=\"e-con-inner\">\n\t\t\t\t<div class=\"elementor-element elementor-element-f847b4f elementor-widget elementor-widget-heading\" data-id=\"f847b4f\" data-element_type=\"widget\" data-widget_type=\"heading.default\">\n\t\t\t\t<div class=\"elementor-widget-container\">\n\t\t\t\t\t<h2 class=\"elementor-heading-title elementor-size-default\">S\u01a1 \u0111\u1ed3 quy tr\u00ecnh b\u00e1n h\u00e0ng<\/h2>\t\t\t\t<\/div>\n\t\t\t\t<\/div>\n\t\t\t\t\t<\/div>\n\t\t\t\t<\/div>\n\t\t<div class=\"elementor-element elementor-element-4cb1fd3 e-flex e-con-boxed e-con e-parent\" data-id=\"4cb1fd3\" data-element_type=\"container\" data-settings=\"{&quot;_ha_eqh_enable&quot;:false}\">\n\t\t\t\t\t<div class=\"e-con-inner\">\n\t\t<div class=\"elementor-element elementor-element-56432cd e-grid e-con-full e-con e-child\" data-id=\"56432cd\" data-element_type=\"container\" data-settings=\"{&quot;_ha_eqh_enable&quot;:false}\">\n\t\t\t\t<div class=\"elementor-element elementor-element-69cfd3d elementor-widget elementor-widget-ha-step-flow happy-addon ha-step-flow\" data-id=\"69cfd3d\" data-element_type=\"widget\" data-widget_type=\"ha-step-flow.default\">\n\t\t\t\t<div class=\"elementor-widget-container\">\n\t\t\t\t\t\n\t\t<div class=\"ha-steps-icon\">\n\t\t\t\t\t\t\t<span class=\"ha-step-arrow\"><\/span>\n\t\t\t\n\t\t\t<i aria-hidden=\"true\" class=\"hm hm-form\"><\/i>\n\t\t\t\t\t\t\t<span class=\"ha-steps-label\">B\u01b0\u1edbc 1<\/span>\n\t\t\t\t\t<\/div>\n\n\t\t<h2 class=\"ha-steps-title\"> Ti\u1ebfp nh\u1eadn th\u00f4ng tin &amp; T\u01b0 v\u1ea5n kh\u00e1ch h\u00e0ng<\/h2>\n\t\t\n\t\t\t\t\t\t<\/div>\n\t\t\t\t<\/div>\n\t\t\t\t<div class=\"elementor-element elementor-element-ab477cf elementor-widget elementor-widget-ha-step-flow happy-addon ha-step-flow\" data-id=\"ab477cf\" data-element_type=\"widget\" data-widget_type=\"ha-step-flow.default\">\n\t\t\t\t<div class=\"elementor-widget-container\">\n\t\t\t\t\t\n\t\t<div class=\"ha-steps-icon\">\n\t\t\t\t\t\t\t<span class=\"ha-step-arrow\"><\/span>\n\t\t\t\n\t\t\t<i aria-hidden=\"true\" class=\"hm hm-menu-price\"><\/i>\n\t\t\t\t\t\t\t<span class=\"ha-steps-label\">B\u01b0\u1edbc 2<\/span>\n\t\t\t\t\t<\/div>\n\n\t\t<h2 class=\"ha-steps-title\">B\u00e1o gi\u00e1 &amp; Th\u1ecfa thu\u1eadn<\/h2>\n\t\t\n\t\t\t\t\t\t<\/div>\n\t\t\t\t<\/div>\n\t\t\t\t<div class=\"elementor-element elementor-element-1b23f3d elementor-widget elementor-widget-ha-step-flow happy-addon ha-step-flow\" data-id=\"1b23f3d\" data-element_type=\"widget\" data-widget_type=\"ha-step-flow.default\">\n\t\t\t\t<div class=\"elementor-widget-container\">\n\t\t\t\t\t\n\t\t<div class=\"ha-steps-icon\">\n\t\t\t\t\t\t\t<span class=\"ha-step-arrow\"><\/span>\n\t\t\t\n\t\t\t<svg aria-hidden=\"true\" class=\"e-font-icon-svg e-fas-file-contract\" viewbox=\"0 0 384 512\" xmlns=\"http:\/\/www.w3.org\/2000\/svg\"><path d=\"M224 136V0H24C10.7 0 0 10.7 0 24v464c0 13.3 10.7 24 24 24h336c13.3 0 24-10.7 24-24V160H248c-13.2 0-24-10.8-24-24zM64 72c0-4.42 3.58-8 8-8h80c4.42 0 8 3.58 8 8v16c0 4.42-3.58 8-8 8H72c-4.42 0-8-3.58-8-8V72zm0 64c0-4.42 3.58-8 8-8h80c4.42 0 8 3.58 8 8v16c0 4.42-3.58 8-8 8H72c-4.42 0-8-3.58-8-8v-16zm192.81 248H304c8.84 0 16 7.16 16 16s-7.16 16-16 16h-47.19c-16.45 0-31.27-9.14-38.64-23.86-2.95-5.92-8.09-6.52-10.17-6.52s-7.22.59-10.02 6.19l-7.67 15.34a15.986 15.986 0 0 1-14.31 8.84c-.38 0-.75-.02-1.14-.05-6.45-.45-12-4.75-14.03-10.89L144 354.59l-10.61 31.88c-5.89 17.66-22.38 29.53-41 29.53H80c-8.84 0-16-7.16-16-16s7.16-16 16-16h12.39c4.83 0 9.11-3.08 10.64-7.66l18.19-54.64c3.3-9.81 12.44-16.41 22.78-16.41s19.48 6.59 22.77 16.41l13.88 41.64c19.77-16.19 54.05-9.7 66 14.16 2.02 4.06 5.96 6.5 10.16 6.5zM377 105L279.1 7c-4.5-4.5-10.6-7-17-7H256v128h128v-6.1c0-6.3-2.5-12.4-7-16.9z\"><\/path><\/svg>\n\t\t\t\t\t\t\t<span class=\"ha-steps-label\">B\u01b0\u1edbc 3<\/span>\n\t\t\t\t\t<\/div>\n\n\t\t<h2 class=\"ha-steps-title\">K\u00fd h\u1ee3p \u0111\u1ed3ng\/\u0111\u01a1n \u0111\u1eb7t h\u00e0ng<\/h2>\n\t\t\n\t\t\t\t\t\t<\/div>\n\t\t\t\t<\/div>\n\t\t\t\t<div class=\"elementor-element elementor-element-fd95a1d elementor-widget elementor-widget-ha-step-flow happy-addon ha-step-flow\" data-id=\"fd95a1d\" data-element_type=\"widget\" data-widget_type=\"ha-step-flow.default\">\n\t\t\t\t<div class=\"elementor-widget-container\">\n\t\t\t\t\t\n\t\t<div class=\"ha-steps-icon\">\n\t\t\t\t\t\t\t<span class=\"ha-step-arrow\"><\/span>\n\t\t\t\n\t\t\t<i aria-hidden=\"true\" class=\"huge huge-solar-energy\"><\/i>\n\t\t\t\t\t\t\t<span class=\"ha-steps-label\">B\u01b0\u1edbc 4<\/span>\n\t\t\t\t\t<\/div>\n\n\t\t<h2 class=\"ha-steps-title\">S\u1ea3n xu\u1ea5t v\u00e0 ki\u1ec3m so\u00e1t ch\u1ea5t l\u01b0\u1ee3ng<\/h2>\n\t\t\n\t\t\t\t\t\t<\/div>\n\t\t\t\t<\/div>\n\t\t\t\t<div class=\"elementor-element elementor-element-f87bc18 elementor-widget elementor-widget-ha-step-flow happy-addon ha-step-flow\" data-id=\"f87bc18\" data-element_type=\"widget\" data-widget_type=\"ha-step-flow.default\">\n\t\t\t\t<div class=\"elementor-widget-container\">\n\t\t\t\t\t\n\t\t<div class=\"ha-steps-icon\">\n\t\t\t\n\t\t\t<i aria-hidden=\"true\" class=\"hm hm-delivery-van\"><\/i>\n\t\t\t\t\t\t\t<span class=\"ha-steps-label\">B\u01b0\u1edbc 5<\/span>\n\t\t\t\t\t<\/div>\n\n\t\t<h2 class=\"ha-steps-title\">Giao h\u00e0ng<\/h2>\n\t\t\n\t\t\t\t\t\t<\/div>\n\t\t\t\t<\/div>\n\t\t\t\t<\/div>\n\t\t\t\t\t<\/div>\n\t\t\t\t<\/div>\n\t\t<div class=\"elementor-element elementor-element-bb8047a e-flex e-con-boxed e-con e-parent\" data-id=\"bb8047a\" data-element_type=\"container\" data-settings=\"{&quot;_ha_eqh_enable&quot;:false}\">\n\t\t\t\t\t<div class=\"e-con-inner\">\n\t\t\t\t<div class=\"elementor-element elementor-element-3ad9c0b elementor-widget elementor-widget-heading\" data-id=\"3ad9c0b\" data-element_type=\"widget\" data-widget_type=\"heading.default\">\n\t\t\t\t<div class=\"elementor-widget-container\">\n\t\t\t\t\t<h2 class=\"elementor-heading-title elementor-size-default\">Chi ti\u1ebft quy tr\u00ecnh b\u00e1n h\u00e0ng<\/h2>\t\t\t\t<\/div>\n\t\t\t\t<\/div>\n\t\t\t\t<div class=\"elementor-element elementor-element-1e3d6f0 elementor-widget elementor-widget-text-editor\" data-id=\"1e3d6f0\" data-element_type=\"widget\" data-widget_type=\"text-editor.default\">\n\t\t\t\t<div class=\"elementor-widget-container\">\n\t\t\t\t\t\t\t\t\t<p><strong>B\u01b0\u1edbc 1: Ti\u1ebfp nh\u1eadn th\u00f4ng tin &amp; T\u01b0 v\u1ea5n kh\u00e1ch h\u00e0ng<\/strong><\/p><p>Kh\u00e1ch h\u00e0ng li\u00ean h\u1ec7 qua hotline, email ho\u1eb7c tr\u1ef1c ti\u1ebfp t\u1ea1i nh\u00e0 m\u00e1y.<br \/>B\u1ed9 ph\u1eadn kinh doanh ghi nh\u1eadn nhu c\u1ea7u: lo\u1ea1i pallet, quy c\u00e1ch, s\u1ed1 l\u01b0\u1ee3ng, th\u1eddi gian giao h\u00e0ng, y\u00eau c\u1ea7u \u0111\u1eb7c bi\u1ec7t (n\u1ebfu c\u00f3).<br \/>T\u01b0 v\u1ea5n gi\u1ea3i ph\u00e1p ph\u00f9 h\u1ee3p, \u0111\u1ec1 xu\u1ea5t m\u1eabu m\u00e3 ho\u1eb7c gi\u1ea3i ph\u00e1p k\u1ef9 thu\u1eadt n\u1ebfu kh\u00e1ch h\u00e0ng ch\u01b0a r\u00f5 y\u00eau c\u1ea7u.<\/p><p><strong>B\u01b0\u1edbc 2: B\u00e1o gi\u00e1 &amp; Th\u1ecfa thu\u1eadn<\/strong><\/p><p>L\u1eadp b\u00e1o gi\u00e1 chi ti\u1ebft: \u0111\u01a1n gi\u00e1, s\u1ed1 l\u01b0\u1ee3ng, th\u1eddi gian s\u1ea3n xu\u1ea5t \u2013 giao h\u00e0ng, \u0111i\u1ec1u ki\u1ec7n thanh to\u00e1n, ch\u00ednh s\u00e1ch b\u1ea3o h\u00e0nh.<br \/>Th\u01b0\u01a1ng l\u01b0\u1ee3ng v\u00e0 \u0111i\u1ec1u ch\u1ec9nh \u0111i\u1ec1u ki\u1ec7n (n\u1ebfu c\u1ea7n).<br \/>G\u1eedi th\u01b0 ch\u00e0o h\u00e0ng ch\u00ednh th\u1ee9c\/phi\u1ebfu b\u00e1o gi\u00e1 x\u00e1c nh\u1eadn.<\/p><p><strong>B\u01b0\u1edbc 3: K\u00fd h\u1ee3p \u0111\u1ed3ng\/\u0111\u01a1n \u0111\u1eb7t h\u00e0ng<\/strong><\/p><p>Khi hai b\u00ean th\u1ed1ng nh\u1ea5t: l\u1eadp h\u1ee3p \u0111\u1ed3ng ho\u1eb7c phi\u1ebfu \u0111\u1eb7t h\u00e0ng.<br \/>X\u00e1c nh\u1eadn c\u00e1c \u0111i\u1ec1u kho\u1ea3n: s\u1ed1 l\u01b0\u1ee3ng \u2013 gi\u00e1 \u2013 ti\u1ebfn \u0111\u1ed9 \u2013 thanh to\u00e1n \u2013 b\u1ea3o h\u00e0nh.<br \/>Kh\u00e1ch h\u00e0ng \u0111\u1eb7t c\u1ecdc (n\u1ebfu c\u00f3 theo ch\u00ednh s\u00e1ch t\u1eebng \u0111\u01a1n h\u00e0ng).<\/p><p><strong>B\u01b0\u1edbc 4: S\u1ea3n xu\u1ea5t v\u00e0 ki\u1ec3m so\u00e1t ch\u1ea5t l\u01b0\u1ee3ng<\/strong><\/p><p>Chuy\u1ec3n th\u00f4ng tin \u0111\u01a1n h\u00e0ng sang ph\u00f2ng s\u1ea3n xu\u1ea5t.<br \/>L\u00ean l\u1ecbch s\u1ea3n xu\u1ea5t, chu\u1ea9n b\u1ecb v\u1eadt t\u01b0.<br \/>Qu\u1ea3n l\u00fd ch\u1ea5t l\u01b0\u1ee3ng ki\u1ec3m tra xuy\u00ean su\u1ed1t: t\u1eeb nguy\u00ean li\u1ec7u \u0111\u1ebfn th\u00e0nh ph\u1ea9m theo ti\u00eau chu\u1ea9n FSC, ISPM 15.<\/p><p><strong>B\u01b0\u1edbc 5: Giao h\u00e0ng<\/strong><\/p><p>S\u1eafp x\u1ebfp v\u1eadn chuy\u1ec3n theo \u0111\u00fang th\u1eddi gian cam k\u1ebft.<br \/>Ki\u1ec3m k\u00ea s\u1ed1 l\u01b0\u1ee3ng \u2013 t\u00ecnh tr\u1ea1ng h\u00e0ng h\u00f3a tr\u01b0\u1edbc<\/p>\t\t\t\t\t\t\t\t<\/div>\n\t\t\t\t<\/div>\n\t\t\t\t\t<\/div>\n\t\t\t\t<\/div>\n\t\t\t\t<\/div>","protected":false},"excerpt":{"rendered":"<p>Quy tr\u00ecnh b\u00e1n h\u00e0ng S\u01a1 \u0111\u1ed3 quy tr\u00ecnh b\u00e1n h\u00e0ng B\u01b0\u1edbc 1 Ti\u1ebfp nh\u1eadn th\u00f4ng tin &amp; T\u01b0 v\u1ea5n kh\u00e1ch h\u00e0ng B\u01b0\u1edbc 2 B\u00e1o gi\u00e1 &amp; Th\u1ecfa thu\u1eadn B\u01b0\u1edbc 3 K\u00fd h\u1ee3p \u0111\u1ed3ng\/\u0111\u01a1n \u0111\u1eb7t h\u00e0ng B\u01b0\u1edbc 4 S\u1ea3n xu\u1ea5t v\u00e0 ki\u1ec3m so\u00e1t ch\u1ea5t l\u01b0\u1ee3ng B\u01b0\u1edbc 5 Giao h\u00e0ng Chi ti\u1ebft quy tr\u00ecnh b\u00e1n h\u00e0ng B\u01b0\u1edbc [&hellip;]<\/p>","protected":false},"author":1,"featured_media":0,"parent":0,"menu_order":0,"comment_status":"closed","ping_status":"closed","template":"","meta":{"_acf_changed":false,"footnotes":""},"class_list":["post-745","page","type-page","status-publish","hentry"],"acf":[],"_links":{"self":[{"href":"https:\/\/www.dekso.vn\/ko\/wp-json\/wp\/v2\/pages\/745","targetHints":{"allow":["GET"]}}],"collection":[{"href":"https:\/\/www.dekso.vn\/ko\/wp-json\/wp\/v2\/pages"}],"about":[{"href":"https:\/\/www.dekso.vn\/ko\/wp-json\/wp\/v2\/types\/page"}],"author":[{"embeddable":true,"href":"https:\/\/www.dekso.vn\/ko\/wp-json\/wp\/v2\/users\/1"}],"replies":[{"embeddable":true,"href":"https:\/\/www.dekso.vn\/ko\/wp-json\/wp\/v2\/comments?post=745"}],"version-history":[{"count":7,"href":"https:\/\/www.dekso.vn\/ko\/wp-json\/wp\/v2\/pages\/745\/revisions"}],"predecessor-version":[{"id":752,"href":"https:\/\/www.dekso.vn\/ko\/wp-json\/wp\/v2\/pages\/745\/revisions\/752"}],"wp:attachment":[{"href":"https:\/\/www.dekso.vn\/ko\/wp-json\/wp\/v2\/media?parent=745"}],"curies":[{"name":"wp","href":"https:\/\/api.w.org\/{rel}","templated":true}]}}