{"id":922,"date":"2025-04-09T23:06:32","date_gmt":"2025-04-09T23:06:32","guid":{"rendered":"https:\/\/www.dekso.vn\/?page_id=922"},"modified":"2025-04-10T21:27:14","modified_gmt":"2025-04-10T21:27:14","slug":"diem-khac-biet-cua-dekso","status":"publish","type":"page","link":"https:\/\/www.dekso.vn\/ja\/diem-khac-biet-cua-dekso\/","title":{"rendered":"DEKSO\u306e\u9055\u3044"},"content":{"rendered":"<div data-elementor-type=\"wp-page\" data-elementor-id=\"922\" class=\"elementor elementor-922\" data-elementor-settings=\"{&quot;ha_cmc_init_switcher&quot;:&quot;no&quot;}\" data-elementor-post-type=\"page\">\n\t\t\t\t<div class=\"elementor-element elementor-element-449ce75 e-flex e-con-boxed e-con e-parent\" data-id=\"449ce75\" data-element_type=\"container\" data-settings=\"{&quot;background_background&quot;:&quot;classic&quot;,&quot;_ha_eqh_enable&quot;:false}\">\n\t\t\t\t\t<div class=\"e-con-inner\">\n\t\t\t\t<div class=\"elementor-element elementor-element-6e97e487 elementor-widget elementor-widget-heading\" data-id=\"6e97e487\" data-element_type=\"widget\" data-widget_type=\"heading.default\">\n\t\t\t\t<div class=\"elementor-widget-container\">\n\t\t\t\t\t<h1 class=\"elementor-heading-title elementor-size-default\">DEKSO\u306e\u9055\u3044<\/h1>\t\t\t\t<\/div>\n\t\t\t\t<\/div>\n\t\t\t\t\t<\/div>\n\t\t\t\t<\/div>\n\t\t<div class=\"elementor-element elementor-element-56606f2 e-flex e-con-boxed e-con e-parent\" data-id=\"56606f2\" data-element_type=\"container\" data-settings=\"{&quot;_ha_eqh_enable&quot;:false}\">\n\t\t\t\t\t<div class=\"e-con-inner\">\n\t\t\t\t<div class=\"elementor-element elementor-element-07da9f0 elementor-widget elementor-widget-text-editor\" data-id=\"07da9f0\" data-element_type=\"widget\" data-widget_type=\"text-editor.default\">\n\t\t\t\t<div class=\"elementor-widget-container\">\n\t\t\t\t\t\t\t\t\t<p>T\u1ea1i DEKSO, ch\u00fang t\u00f4i kh\u00f4ng \u0111\u01a1n thu\u1ea7n x\u00e2y d\u1ef1ng m\u1ed9t nh\u00e0 m\u00e1y s\u1ea3n xu\u1ea5t pallet. Ch\u00fang t\u00f4i ki\u1ebfn t\u1ea1o m\u1ed9t m\u00f4i tr\u01b0\u1eddng l\u00e0m vi\u1ec7c chuy\u00ean nghi\u1ec7p, m\u1ed9t h\u1ec7 sinh th\u00e1i s\u1ea3n xu\u1ea5t b\u00e0i b\u1ea3n, v\u00e0 m\u1ed9t \u0111\u1ed9i ng\u0169 con ng\u01b0\u1eddi c\u00f3 t\u00e2m \u2013 c\u00f3 t\u1ea7m \u2013 c\u00f3 v\u0103n ho\u00e1.<\/p>\t\t\t\t\t\t\t\t<\/div>\n\t\t\t\t<\/div>\n\t\t\t\t\t<\/div>\n\t\t\t\t<\/div>\n\t\t<div class=\"elementor-element elementor-element-0990564 e-flex e-con-boxed e-con e-parent\" data-id=\"0990564\" data-element_type=\"container\" data-settings=\"{&quot;_ha_eqh_enable&quot;:false}\">\n\t\t\t\t\t<div class=\"e-con-inner\">\n\t\t\t\t<div class=\"elementor-element elementor-element-dd12685 ha-card--top ha-card--tablet-top ha-card--mobile-top elementor-widget elementor-widget-ha-card happy-addon ha-card\" data-id=\"dd12685\" data-element_type=\"widget\" data-widget_type=\"ha-card.default\">\n\t\t\t\t<div class=\"elementor-widget-container\">\n\t\t\t\t\t\n\t\t\t\t\t<figure class=\"ha-card-figure\">\n\t\t\t\t<img fetchpriority=\"high\" decoding=\"async\" width=\"800\" height=\"673\" src=\"https:\/\/www.dekso.vn\/wp-content\/uploads\/2025\/04\/z6491063102127_9ef3f73b15ecf72302413c58eee428d2-1024x862.jpg\" class=\"attachment-large size-large wp-image-974\" alt=\"\" srcset=\"https:\/\/www.dekso.vn\/wp-content\/uploads\/2025\/04\/z6491063102127_9ef3f73b15ecf72302413c58eee428d2-1024x862.jpg 1024w, https:\/\/www.dekso.vn\/wp-content\/uploads\/2025\/04\/z6491063102127_9ef3f73b15ecf72302413c58eee428d2-300x252.jpg 300w, https:\/\/www.dekso.vn\/wp-content\/uploads\/2025\/04\/z6491063102127_9ef3f73b15ecf72302413c58eee428d2-768x646.jpg 768w, https:\/\/www.dekso.vn\/wp-content\/uploads\/2025\/04\/z6491063102127_9ef3f73b15ecf72302413c58eee428d2-600x505.jpg 600w, https:\/\/www.dekso.vn\/wp-content\/uploads\/2025\/04\/z6491063102127_9ef3f73b15ecf72302413c58eee428d2.jpg 1336w\" sizes=\"(max-width: 800px) 100vw, 800px\" \/>\t\t\t\t\t\t\t<\/figure>\n\t\t\n\t\t<div class=\"ha-card-body\">\n\n\t\t\t<h2 class=\"ha-card-title\">Kh\u00e1c bi\u1ec7t t\u1eeb t\u01b0 duy \u0111\u1ea7u t\u01b0 \u0111\u1ebfn C\u00e1ch v\u1eadn h\u00e0nh<\/h2>\n\t\t\t\t\t\t\t<div class=\"ha-card-text\">\n\t\t\t\t\t<p>Kh\u00e1c v\u1edbi nhi\u1ec1u x\u01b0\u1edfng s\u1ea3n xu\u1ea5t pallet quy m\u00f4 nh\u1ecf ho\u1eb7c mang t\u00ednh h\u1ed9 gia \u0111\u00ecnh hi\u1ec7n nay, DEKSO \u0111\u1ea7u t\u01b0 m\u1ed9t c\u00e1ch b\u00e0i b\u1ea3n c\u1ea3 v\u1ec1 c\u01a1 s\u1edf v\u1eadt ch\u1ea5t l\u1eabn con ng\u01b0\u1eddi.<br \/>\nKhu gia c\u00f4ng th\u00e0nh ph\u1ea9m r\u1ed9ng t\u1edbi 5.000m\u00b2 \u0111\u01b0\u1ee3c t\u1ed5 ch\u1ee9c khoa h\u1ecdc, trang b\u1ecb h\u1ec7 th\u1ed1ng m\u00e1y m\u00f3c hi\u1ec7n \u0111\u1ea1i, \u0111\u00e1p \u1ee9ng c\u00e1c ti\u00eau chu\u1ea9n k\u1ef9 thu\u1eadt cao.<br \/>\n\u0110\u1ed9i ng\u0169 qu\u1ea3n l\u00fd v\u00e0 \u0111i\u1ec1u h\u00e0nh \u0111\u1ec1u l\u00e0 nh\u1eefng ng\u01b0\u1eddi c\u00f3 tr\u00ean 15 n\u0103m kinh nghi\u1ec7m trong l\u0129nh v\u1ef1c s\u1ea3n xu\u1ea5t g\u1ed7 ti\u00eau chu\u1ea9n xu\u1ea5t kh\u1ea9u Ch\u00e2u \u00c2u.<br \/>\nTo\u00e0n b\u1ed9 c\u00e1c c\u1ed5 \u0111\u00f4ng, gi\u00e1m \u0111\u1ed1c v\u00e0 Ch\u1ee7 t\u1ecbch \u0111\u1ec1u s\u1eed d\u1ee5ng th\u00e0nh th\u1ea1o ti\u1ebfng Anh \u2013 Trung \u2013 Ph\u00e1p, gi\u00fap DEKSO linh ho\u1ea1t, t\u1ef1 tin l\u00e0m vi\u1ec7c v\u1edbi c\u00e1c \u0111\u1ed1i t\u00e1c trong v\u00e0 ngo\u00e0i n\u01b0\u1edbc, r\u00fat ng\u1eafn kho\u1ea3ng c\u00e1ch ng\u00f4n ng\u1eef v\u00e0 n\u00e2ng cao hi\u1ec7u qu\u1ea3 h\u1ee3p t\u00e1c.<\/p>\n\t\t\t\t<\/div>\n\t\t\t\n\t\t\t\t\t<\/div>\n\t\t\t\t\t\t<\/div>\n\t\t\t\t<\/div>\n\t\t\t\t<div class=\"elementor-element elementor-element-502feae ha-card--top ha-card--tablet-top ha-card--mobile-top elementor-widget elementor-widget-ha-card happy-addon ha-card\" data-id=\"502feae\" data-element_type=\"widget\" data-widget_type=\"ha-card.default\">\n\t\t\t\t<div class=\"elementor-widget-container\">\n\t\t\t\t\t\n\t\t\t\t\t<figure class=\"ha-card-figure\">\n\t\t\t\t<img decoding=\"async\" width=\"800\" height=\"596\" src=\"https:\/\/www.dekso.vn\/wp-content\/uploads\/2025\/04\/Screenshot-2025-04-11-040620.png\" class=\"attachment-large size-large wp-image-973\" alt=\"\" srcset=\"https:\/\/www.dekso.vn\/wp-content\/uploads\/2025\/04\/Screenshot-2025-04-11-040620.png 966w, https:\/\/www.dekso.vn\/wp-content\/uploads\/2025\/04\/Screenshot-2025-04-11-040620-300x224.png 300w, https:\/\/www.dekso.vn\/wp-content\/uploads\/2025\/04\/Screenshot-2025-04-11-040620-768x572.png 768w, https:\/\/www.dekso.vn\/wp-content\/uploads\/2025\/04\/Screenshot-2025-04-11-040620-600x447.png 600w\" sizes=\"(max-width: 800px) 100vw, 800px\" \/>\t\t\t\t\t\t\t<\/figure>\n\t\t\n\t\t<div class=\"ha-card-body\">\n\n\t\t\t<h2 class=\"ha-card-title\">\u0110\u1ea7u t\u01b0 v\u00e0o con ng\u01b0\u1eddi - T\u00f4n tr\u1ecdng gi\u00e1 tr\u1ecb t\u1eadp th\u1ec3<\/h2>\n\t\t\t\t\t\t\t<div class=\"ha-card-text\">\n\t\t\t\t\t<p>Ch\u00fang t\u00f4i quan ni\u1ec7m r\u1eb1ng, m\u1ed9t s\u1ea3n ph\u1ea9m t\u1ed1t kh\u00f4ng ch\u1ec9 \u0111\u1ebfn t\u1eeb m\u00e1y m\u00f3c hi\u1ec7n \u0111\u1ea1i, m\u00e0 c\u00f2n \u0111\u1ebfn t\u1eeb nh\u1eefng b\u00e0n tay chuy\u00ean nghi\u1ec7p v\u00e0 m\u1ed9t tinh th\u1ea7n \u0111o\u00e0n k\u1ebft.<br>\nDEKSO th\u01b0\u1eddng xuy\u00ean t\u1ed5 ch\u1ee9c: \u0110\u00e0o t\u1ea1o n\u1ed9i b\u1ed9 ; C\u1eadp nh\u1eadt quy tr\u00ecnh, hu\u1ea5n luy\u1ec7n tay ngh\u1ec1, \u0111\u00e0o t\u1ea1o an to\u00e0n lao \u0111\u1ed9ng theo \u0111\u1ecbnh k\u1ef3; Chia s\u1ebb ki\u1ebfn th\u1ee9c v\u00e0 ph\u00e1t tri\u1ec3n k\u1ef9 n\u0103ng m\u1ec1m cho \u0111\u1ed9i ng\u0169 \u1edf m\u1ecdi c\u1ea5p b\u1eadc.<\/p>\n\t\t\t\t<\/div>\n\t\t\t\n\t\t\t\t\t<\/div>\n\t\t\t\t\t\t<\/div>\n\t\t\t\t<\/div>\n\t\t\t\t<div class=\"elementor-element elementor-element-c99fe2f ha-card--top ha-card--tablet-top ha-card--mobile-top elementor-widget elementor-widget-ha-card happy-addon ha-card\" data-id=\"c99fe2f\" data-element_type=\"widget\" data-widget_type=\"ha-card.default\">\n\t\t\t\t<div class=\"elementor-widget-container\">\n\t\t\t\t\t\n\t\t\t\t\t<figure class=\"ha-card-figure\">\n\t\t\t\t<img decoding=\"async\" width=\"800\" height=\"616\" src=\"https:\/\/www.dekso.vn\/wp-content\/uploads\/2025\/04\/z6491063049177_31b7dff80d0bd14cc032c62842fdab4e-1024x788.jpg\" class=\"attachment-large size-large wp-image-967\" alt=\"\" srcset=\"https:\/\/www.dekso.vn\/wp-content\/uploads\/2025\/04\/z6491063049177_31b7dff80d0bd14cc032c62842fdab4e-1024x788.jpg 1024w, https:\/\/www.dekso.vn\/wp-content\/uploads\/2025\/04\/z6491063049177_31b7dff80d0bd14cc032c62842fdab4e-300x231.jpg 300w, https:\/\/www.dekso.vn\/wp-content\/uploads\/2025\/04\/z6491063049177_31b7dff80d0bd14cc032c62842fdab4e-768x591.jpg 768w, https:\/\/www.dekso.vn\/wp-content\/uploads\/2025\/04\/z6491063049177_31b7dff80d0bd14cc032c62842fdab4e-600x462.jpg 600w, https:\/\/www.dekso.vn\/wp-content\/uploads\/2025\/04\/z6491063049177_31b7dff80d0bd14cc032c62842fdab4e.jpg 1336w\" sizes=\"(max-width: 800px) 100vw, 800px\" \/>\t\t\t\t\t\t\t<\/figure>\n\t\t\n\t\t<div class=\"ha-card-body\">\n\n\t\t\t<h2 class=\"ha-card-title\">S\u1ee9 m\u1ec7nh k\u00e9p: L\u00e0m h\u00e0i l\u00f2ng kh\u00e1ch h\u00e0ng \u2013 L\u00e0m h\u1ea1nh ph\u00fac ng\u01b0\u1eddi lao \u0111\u1ed9ng<\/h2>\n\t\t\t\t\t\t\t<div class=\"ha-card-text\">\n\t\t\t\t\t<p>DEKSO lu\u00f4n n\u1ed7 l\u1ef1c mang \u0111\u1ebfn tr\u1ea3i nghi\u1ec7m kh\u00e1c bi\u1ec7t cho kh\u00e1ch h\u00e0ng trong cung c\u00e1ch ph\u1ee5c v\u1ee5, t\u1eeb s\u1ef1 chuy\u00ean nghi\u1ec7p trong ti\u1ebfp nh\u1eadn \u0111\u01a1n h\u00e0ng \u0111\u1ebfn s\u1ef1 r\u00f5 r\u00e0ng trong ti\u1ebfn \u0111\u1ed9 \u2013 ch\u1ea5t l\u01b0\u1ee3ng \u2013 h\u1eadu m\u00e3i.<br>\nSong song v\u1edbi \u0111\u00f3, ch\u00fang t\u00f4i c\u0169ng kh\u00f4ng ng\u1eebng t\u1ea1o ra m\u1ed9t m\u00f4i tr\u01b0\u1eddng l\u00e0m vi\u1ec7c m\u00e0 \u1edf \u0111\u00f3, ng\u01b0\u1eddi lao \u0111\u1ed9ng c\u1ea3m th\u1ea5y \u0111\u01b0\u1ee3c t\u00f4n tr\u1ecdng, \u0111\u01b0\u1ee3c ghi nh\u1eadn, v\u00e0 \u0111\u01b0\u1ee3c ph\u00e1t tri\u1ec3n.<\/p>\n\t\t\t\t<\/div>\n\t\t\t\n\t\t\t\t\t<\/div>\n\t\t\t\t\t\t<\/div>\n\t\t\t\t<\/div>\n\t\t\t\t<div class=\"elementor-element elementor-element-b2e490b elementor-widget elementor-widget-text-editor\" data-id=\"b2e490b\" data-element_type=\"widget\" data-widget_type=\"text-editor.default\">\n\t\t\t\t<div class=\"elementor-widget-container\">\n\t\t\t\t\t\t\t\t\t<p>\u0110\u00f3 ch\u00ednh l\u00e0 v\u0103n ho\u00e1 DEKSO \u2013 n\u01a1i m\u1ed7i s\u1ea3n ph\u1ea9m \u0111\u1ec1u mang trong m\u00ecnh tinh th\u1ea7n tr\u00e1ch nhi\u1ec7m, m\u1ed7i \u0111\u01a1n h\u00e0ng \u0111\u1ec1u l\u00e0 cam k\u1ebft, v\u00e0 m\u1ed7i th\u00e0nh vi\u00ean trong \u0111\u1ed9i ng\u0169 \u0111\u1ec1u l\u00e0 m\u1ed9t ph\u1ea7n quan tr\u1ecdng c\u1ee7a h\u00e0nh tr\u00ecnh ph\u00e1t tri\u1ec3n b\u1ec1n v\u1eefng.<\/p>\t\t\t\t\t\t\t\t<\/div>\n\t\t\t\t<\/div>\n\t\t\t\t\t<\/div>\n\t\t\t\t<\/div>\n\t\t\t\t<\/div>","protected":false},"excerpt":{"rendered":"<p>\u0110i\u1ec3m kh\u00e1c bi\u1ec7t c\u1ee7a DEKSO T\u1ea1i DEKSO, ch\u00fang t\u00f4i kh\u00f4ng \u0111\u01a1n thu\u1ea7n x\u00e2y d\u1ef1ng m\u1ed9t nh\u00e0 m\u00e1y s\u1ea3n xu\u1ea5t pallet. Ch\u00fang t\u00f4i ki\u1ebfn t\u1ea1o m\u1ed9t m\u00f4i tr\u01b0\u1eddng l\u00e0m vi\u1ec7c chuy\u00ean nghi\u1ec7p, m\u1ed9t h\u1ec7 sinh th\u00e1i s\u1ea3n xu\u1ea5t b\u00e0i b\u1ea3n, v\u00e0 m\u1ed9t \u0111\u1ed9i ng\u0169 con ng\u01b0\u1eddi c\u00f3 t\u00e2m \u2013 c\u00f3 t\u1ea7m \u2013 c\u00f3 v\u0103n ho\u00e1. Kh\u00e1c bi\u1ec7t t\u1eeb t\u01b0 duy \u0111\u1ea7u t\u01b0 \u0111\u1ebfn C\u00e1ch v\u1eadn h\u00e0nh Kh\u00e1c v\u1edbi nhi\u1ec1u x\u01b0\u1edfng s\u1ea3n xu\u1ea5t pallet quy m\u00f4 nh\u1ecf ho\u1eb7c mang t\u00ednh h\u1ed9 gia \u0111\u00ecnh hi\u1ec7n nay, DEKSO \u0111\u1ea7u t\u01b0 m\u1ed9t c\u00e1ch b\u00e0i b\u1ea3n c\u1ea3 v\u1ec1 c\u01a1 s\u1edf v\u1eadt ch\u1ea5t l\u1eabn con ng\u01b0\u1eddi. Khu gia c\u00f4ng th\u00e0nh ph\u1ea9m r\u1ed9ng t\u1edbi 5.000m\u00b2 \u0111\u01b0\u1ee3c t\u1ed5 ch\u1ee9c [&hellip;]<\/p>","protected":false},"author":1,"featured_media":0,"parent":0,"menu_order":0,"comment_status":"closed","ping_status":"closed","template":"elementor_header_footer","meta":{"_acf_changed":false,"footnotes":""},"class_list":["post-922","page","type-page","status-publish","hentry"],"acf":[],"_links":{"self":[{"href":"https:\/\/www.dekso.vn\/ja\/wp-json\/wp\/v2\/pages\/922","targetHints":{"allow":["GET"]}}],"collection":[{"href":"https:\/\/www.dekso.vn\/ja\/wp-json\/wp\/v2\/pages"}],"about":[{"href":"https:\/\/www.dekso.vn\/ja\/wp-json\/wp\/v2\/types\/page"}],"author":[{"embeddable":true,"href":"https:\/\/www.dekso.vn\/ja\/wp-json\/wp\/v2\/users\/1"}],"replies":[{"embeddable":true,"href":"https:\/\/www.dekso.vn\/ja\/wp-json\/wp\/v2\/comments?post=922"}],"version-history":[{"count":10,"href":"https:\/\/www.dekso.vn\/ja\/wp-json\/wp\/v2\/pages\/922\/revisions"}],"predecessor-version":[{"id":985,"href":"https:\/\/www.dekso.vn\/ja\/wp-json\/wp\/v2\/pages\/922\/revisions\/985"}],"wp:attachment":[{"href":"https:\/\/www.dekso.vn\/ja\/wp-json\/wp\/v2\/media?parent=922"}],"curies":[{"name":"wp","href":"https:\/\/api.w.org\/{rel}","templated":true}]}}