{"id":758,"date":"2025-04-02T23:21:15","date_gmt":"2025-04-02T23:21:15","guid":{"rendered":"https:\/\/www.dekso.vn\/?page_id=758"},"modified":"2025-04-09T22:52:33","modified_gmt":"2025-04-09T22:52:33","slug":"van-hoa-doanh-nghiep","status":"publish","type":"page","link":"https:\/\/www.dekso.vn\/ja\/\u4f01\u696d\u6587\u5316\/","title":{"rendered":"\u4f01\u696d\u6587\u5316"},"content":{"rendered":"<div data-elementor-type=\"wp-page\" data-elementor-id=\"758\" class=\"elementor elementor-758\" data-elementor-settings=\"{&quot;ha_cmc_init_switcher&quot;:&quot;no&quot;}\" data-elementor-post-type=\"page\">\n\t\t\t\t<div class=\"elementor-element elementor-element-449ce75 e-flex e-con-boxed e-con e-parent\" data-id=\"449ce75\" data-element_type=\"container\" data-settings=\"{&quot;background_background&quot;:&quot;classic&quot;,&quot;_ha_eqh_enable&quot;:false}\">\n\t\t\t\t\t<div class=\"e-con-inner\">\n\t\t\t\t<div class=\"elementor-element elementor-element-6e97e487 elementor-widget elementor-widget-heading\" data-id=\"6e97e487\" data-element_type=\"widget\" data-widget_type=\"heading.default\">\n\t\t\t\t<div class=\"elementor-widget-container\">\n\t\t\t\t\t<h1 class=\"elementor-heading-title elementor-size-default\">\u4f01\u696d\u6587\u5316<\/h1>\t\t\t\t<\/div>\n\t\t\t\t<\/div>\n\t\t\t\t\t<\/div>\n\t\t\t\t<\/div>\n\t\t<div class=\"elementor-element elementor-element-56606f2 e-flex e-con-boxed e-con e-parent\" data-id=\"56606f2\" data-element_type=\"container\" data-settings=\"{&quot;_ha_eqh_enable&quot;:false}\">\n\t\t\t\t\t<div class=\"e-con-inner\">\n\t\t\t\t<div class=\"elementor-element elementor-element-07da9f0 elementor-widget elementor-widget-text-editor\" data-id=\"07da9f0\" data-element_type=\"widget\" data-widget_type=\"text-editor.default\">\n\t\t\t\t<div class=\"elementor-widget-container\">\n\t\t\t\t\t\t\t\t\t<p>DEKSO \u3067\u306f\u3001\u6301\u7d9a\u53ef\u80fd\u306a\u30d3\u30b8\u30cd\u30b9\u3068\u306f\u3001\u89aa\u5207\u306a\u4eba\u3005\u3068\u524d\u5411\u304d\u306a\u8077\u5834\u6587\u5316\u3092\u57fa\u76e4\u3068\u3057\u3066\u69cb\u7bc9\u3055\u308c\u308b\u30d3\u30b8\u30cd\u30b9\u3067\u3042\u308b\u3068\u4fe1\u3058\u3066\u3044\u307e\u3059\u3002 DEKSO \u306f\u3001\u751f\u7523\u52b9\u7387\u3068\u88fd\u54c1\u54c1\u8cea\u306b\u91cd\u70b9\u3092\u7f6e\u304f\u3060\u3051\u3067\u306a\u304f\u3001\u5f79\u54e1\u3068\u5f93\u696d\u54e1\u5168\u54e1\u304c\u56e3\u7d50\u3057\u3001\u30d7\u30ed\u30d5\u30a7\u30c3\u30b7\u30e7\u30ca\u30eb\u3067\u7d50\u675f\u529b\u306e\u3042\u308b\u52b4\u50cd\u74b0\u5883\u3092\u69cb\u7bc9\u3059\u308b\u3053\u3068\u306b\u3082\u7279\u5225\u306a\u6ce8\u610f\u3092\u6255\u3063\u3066\u3044\u307e\u3059\u3002<\/p><p><strong>1. \u5c0f\u3055\u306a\u3053\u3068\u304b\u3089\u6c17\u3092\u914d\u308b<\/strong><br \/>DEKSO \u306e\u6587\u5316\u306e\u30cf\u30a4\u30e9\u30a4\u30c8\u306e 1 \u3064\u306f\u3001\u5f93\u696d\u54e1\u306e\u65e5\u5e38\u751f\u6d3b\u306b\u5bfe\u3059\u308b\u7d30\u3084\u304b\u306a\u914d\u616e\u3067\u3059\u3002\u540c\u793e\u306f\u5de5\u5834\u5185\u306b\u5171\u540c\u30ad\u30c3\u30c1\u30f3\u3092\u8a2d\u3051\u3001\u30b9\u30bf\u30c3\u30d5\u3084\u52b4\u50cd\u8005\u306b\u6e29\u304b\u3044\u6804\u990a\u4fa1\u306e\u9ad8\u3044\u663c\u98df\u3068\u5915\u98df\u3092\u63d0\u4f9b\u3057\u3066\u3044\u307e\u3059\u3002\u6bce\u98df\u306f\u5065\u5eb7\u3092\u4fdd\u8a3c\u3059\u308b\u3060\u3051\u3067\u306a\u304f\u3001\u4f1a\u793e\u306e\u30e1\u30f3\u30d0\u30fc\u9593\u306e\u7d46\u3092\u6df1\u3081\u3001\u5171\u6709\u3059\u308b\u6642\u9593\u3067\u3082\u3042\u308a\u307e\u3059\u3002<\/p><p>\u3055\u3089\u306b\u3001\u4f5c\u696d\u30b9\u30da\u30fc\u30b9\u304c\u5e38\u306b\u6e05\u6f54\u3067\u5b89\u5168\u304b\u3064\u6574\u9813\u3055\u308c\u305f\u72b6\u614b\u3092\u4fdd\u3064\u305f\u3081\u306b\u3001\u8b66\u5099\u54e1\u3068\u6e05\u6383\u54e1\u3082\u914d\u7f6e\u3055\u308c\u3066\u3044\u307e\u3059\u3002<\/p><p><strong>2. \u5354\u529b\u3057\u3066\u524d\u9032\u3059\u308b<\/strong><br \/>DEKSO \u306f\u5354\u529b\u3068\u76f8\u4e92\u652f\u63f4\u306e\u7cbe\u795e\u306b\u57fa\u3065\u3044\u305f\u8077\u5834\u6587\u5316\u3092\u69cb\u7bc9\u3057\u307e\u3059\u3002\u7ba1\u7406\u30fb\u4eba\u4e8b\u3001\u30b3\u30df\u30e5\u30cb\u30b1\u30fc\u30b7\u30e7\u30f3\u30fb\u30de\u30fc\u30b1\u30c6\u30a3\u30f3\u30b0\u3001\u751f\u7523\u30fb\u7269\u6d41\u307e\u3067\u3001\u3059\u3079\u3066\u306e\u90e8\u9580\u304c\u7d71\u4e00\u3055\u308c\u305f\u30d7\u30ed\u30bb\u30b9\u306b\u5f93\u3063\u3066\u30b9\u30e0\u30fc\u30ba\u306b\u9023\u643a\u3057\u307e\u3059\u3002 \u300c\u5de5\u623f\u300d\u3068\u300c\u30aa\u30d5\u30a3\u30b9\u300d\u306e\u9593\u306b\u5883\u754c\u306f\u306a\u304f\u3001\u3059\u3079\u3066\u304c\u5171\u901a\u306e\u76ee\u6a19\u306e\u305f\u3081\u306e\u3072\u3068\u3064\u306e\u96c6\u56e3\u3067\u3059\u3002<\/p><p>\u5f53\u793e\u306f\u4ed5\u4e8b\u306b\u304a\u3051\u308b\u8aa0\u5b9f\u3055\u3001\u81ea\u767a\u6027\u3001\u8cac\u4efb\u3092\u91cd\u8996\u3057\u307e\u3059\u3002\u5404\u500b\u4eba\u304c\u610f\u898b\u3092\u8868\u660e\u3057\u3001\u6539\u5584\u3092\u63d0\u6848\u3057\u3001\u5354\u529b\u3057\u3066\u524d\u5411\u304d\u306a\u8077\u5834\u74b0\u5883\u3092\u69cb\u7bc9\u3059\u308b\u3053\u3068\u304c\u5968\u52b1\u3055\u308c\u307e\u3059\u3002<\/p><p><strong>3. \u793e\u5185\u7814\u4fee \u2013 \u6587\u5316\u306e\u5b66\u7fd2\u3068\u5171\u6709<\/strong><br \/>DEKSO \u306f\u3001\u5b9a\u671f\u7684\u306b\u6280\u8853\u7814\u4fee\u30bb\u30c3\u30b7\u30e7\u30f3 (\u5b89\u5168\u7814\u4fee) \u3084\u30d7\u30ed\u30bb\u30b9\u30ac\u30a4\u30c0\u30f3\u30b9\u3092\u958b\u50ac\u3057\u3001\u4f5c\u696d\u54e1\u306e\u30b9\u30ad\u30eb\u5411\u4e0a\u3092\u652f\u63f4\u3059\u308b\u3060\u3051\u3067\u306a\u304f\u3001\u5404\u4eba\u304c\u751f\u7523\u30c1\u30a7\u30fc\u30f3\u5168\u4f53\u306b\u304a\u3051\u308b\u81ea\u5206\u306e\u5f79\u5272\u3092\u3088\u308a\u6df1\u304f\u7406\u89e3\u3067\u304d\u308b\u3088\u3046\u306a\u74b0\u5883\u3092\u6574\u3048\u3066\u3044\u307e\u3059\u3002<\/p><p>\u305d\u308c\u306b\u52a0\u3048\u3066\u3001\u793e\u5185\u30b3\u30df\u30e5\u30cb\u30b1\u30fc\u30b7\u30e7\u30f3\u6d3b\u52d5\u3001\u4f01\u696d\u6587\u5316\u3001\u30bd\u30d5\u30c8\u30b9\u30ad\u30eb\u3001\u52b9\u679c\u7684\u306a\u4f5c\u696d\u65b9\u6cd5\u306b\u95a2\u3059\u308b\u77e5\u8b58\u306e\u5171\u6709\u3082\u884c\u308f\u308c\u307e\u3059\u3002\u79c1\u305f\u3061\u306f\u3001\u4eba\u6750\u3078\u306e\u6295\u8cc7\u306f\u9577\u671f\u7684\u306b\u898b\u3066\u6700\u3082\u5229\u76ca\u3092\u751f\u3080\u6295\u8cc7\u3067\u3042\u308b\u3068\u4fe1\u3058\u3066\u3044\u307e\u3059\u3002<\/p><p><em><strong>DEKSO \u306e\u6587\u5316\u306f\u30b9\u30ed\u30fc\u30ac\u30f3\u3067\u306f\u306a\u304f\u3001\u79c1\u305f\u3061\u304c\u6bce\u65e5\u5171\u306b\u751f\u304d\u3001\u50cd\u304d\u3001\u6b69\u3080\u65b9\u6cd5\u3067\u3059\u3002<\/strong><\/em><\/p>\t\t\t\t\t\t\t\t<\/div>\n\t\t\t\t<\/div>\n\t\t\t\t\t<\/div>\n\t\t\t\t<\/div>\n\t\t\t\t<\/div>","protected":false},"excerpt":{"rendered":"<p>V\u0103n h\u00f3a doanh nghi\u1ec7p T\u1ea1i DEKSO, ch\u00fang t\u00f4i tin r\u1eb1ng doanh nghi\u1ec7p ph\u00e1t tri\u1ec3n b\u1ec1n v\u1eefng l\u00e0 doanh nghi\u1ec7p \u0111\u01b0\u1ee3c x\u00e2y d\u1ef1ng t\u1eeb n\u1ec1n t\u1ea3ng con ng\u01b0\u1eddi t\u1eed t\u1ebf v\u00e0 v\u0103n ho\u00e1 l\u00e0m vi\u1ec7c t\u00edch c\u1ef1c. Kh\u00f4ng ch\u1ec9 t\u1eadp trung v\u00e0o hi\u1ec7u qu\u1ea3 s\u1ea3n xu\u1ea5t v\u00e0 ch\u1ea5t l\u01b0\u1ee3ng s\u1ea3n ph\u1ea9m, DEKSO c\u00f2n \u0111\u1eb7c bi\u1ec7t ch\u00fa tr\u1ecdng \u0111\u1ebfn vi\u1ec7c x\u00e2y d\u1ef1ng m\u00f4i tr\u01b0\u1eddng l\u00e0m vi\u1ec7c \u0111o\u00e0n k\u1ebft \u2013 chuy\u00ean nghi\u1ec7p \u2013 g\u1eafn b\u00f3 cho to\u00e0n th\u1ec3 c\u00e1n b\u1ed9 c\u00f4ng nh\u00e2n vi\u00ean. 1. Ch\u0103m s\u00f3c t\u1eeb nh\u1eefng \u0111i\u1ec1u nh\u1ecf nh\u1ea5tM\u1ed9t trong nh\u1eefng \u0111i\u1ec3m n\u1ed5i b\u1eadt trong v\u0103n ho\u00e1 DEKSO ch\u00ednh l\u00e0 s\u1ef1 quan t\u00e2m chu \u0111\u00e1o \u0111\u1ebfn \u0111\u1eddi s\u1ed1ng h\u00e0ng ng\u00e0y c\u1ee7a [&hellip;]<\/p>","protected":false},"author":1,"featured_media":0,"parent":0,"menu_order":0,"comment_status":"closed","ping_status":"closed","template":"","meta":{"_acf_changed":false,"footnotes":""},"class_list":["post-758","page","type-page","status-publish","hentry"],"acf":[],"_links":{"self":[{"href":"https:\/\/www.dekso.vn\/ja\/wp-json\/wp\/v2\/pages\/758","targetHints":{"allow":["GET"]}}],"collection":[{"href":"https:\/\/www.dekso.vn\/ja\/wp-json\/wp\/v2\/pages"}],"about":[{"href":"https:\/\/www.dekso.vn\/ja\/wp-json\/wp\/v2\/types\/page"}],"author":[{"embeddable":true,"href":"https:\/\/www.dekso.vn\/ja\/wp-json\/wp\/v2\/users\/1"}],"replies":[{"embeddable":true,"href":"https:\/\/www.dekso.vn\/ja\/wp-json\/wp\/v2\/comments?post=758"}],"version-history":[{"count":7,"href":"https:\/\/www.dekso.vn\/ja\/wp-json\/wp\/v2\/pages\/758\/revisions"}],"predecessor-version":[{"id":921,"href":"https:\/\/www.dekso.vn\/ja\/wp-json\/wp\/v2\/pages\/758\/revisions\/921"}],"wp:attachment":[{"href":"https:\/\/www.dekso.vn\/ja\/wp-json\/wp\/v2\/media?parent=758"}],"curies":[{"name":"wp","href":"https:\/\/api.w.org\/{rel}","templated":true}]}}