{"id":755,"date":"2025-04-02T23:20:25","date_gmt":"2025-04-02T23:20:25","guid":{"rendered":"https:\/\/www.dekso.vn\/?page_id=755"},"modified":"2025-04-10T21:04:12","modified_gmt":"2025-04-10T21:04:12","slug":"doi-ngu-quan-ly-van-hanh-sx","status":"publish","type":"page","link":"https:\/\/www.dekso.vn\/ja\/\u751f\u7523\u7ba1\u7406\u30c1\u30fc\u30e0\/","title":{"rendered":"\u751f\u7523\u904b\u55b6\u7ba1\u7406\u30c1\u30fc\u30e0"},"content":{"rendered":"<div data-elementor-type=\"wp-page\" data-elementor-id=\"755\" class=\"elementor elementor-755\" data-elementor-settings=\"{&quot;ha_cmc_init_switcher&quot;:&quot;no&quot;}\" data-elementor-post-type=\"page\">\n\t\t\t\t<div class=\"elementor-element elementor-element-2139580 e-flex e-con-boxed e-con e-parent\" data-id=\"2139580\" data-element_type=\"container\" data-settings=\"{&quot;background_background&quot;:&quot;classic&quot;,&quot;_ha_eqh_enable&quot;:false}\">\n\t\t\t\t\t<div class=\"e-con-inner\">\n\t\t\t\t<div class=\"elementor-element elementor-element-5053993 elementor-widget elementor-widget-heading\" data-id=\"5053993\" data-element_type=\"widget\" data-widget_type=\"heading.default\">\n\t\t\t\t<div class=\"elementor-widget-container\">\n\t\t\t\t\t<h1 class=\"elementor-heading-title elementor-size-default\">\u751f\u7523\u904b\u55b6\u7ba1\u7406\u30c1\u30fc\u30e0<\/h1>\t\t\t\t<\/div>\n\t\t\t\t<\/div>\n\t\t\t\t\t<\/div>\n\t\t\t\t<\/div>\n\t\t<div class=\"elementor-element elementor-element-f34c12c e-flex e-con-boxed e-con e-parent\" data-id=\"f34c12c\" data-element_type=\"container\" data-settings=\"{&quot;_ha_eqh_enable&quot;:false}\">\n\t\t\t\t\t<div class=\"e-con-inner\">\n\t\t\t\t<div class=\"elementor-element elementor-element-853de91 elementor-widget elementor-widget-image\" data-id=\"853de91\" data-element_type=\"widget\" data-widget_type=\"image.default\">\n\t\t\t\t<div class=\"elementor-widget-container\">\n\t\t\t\t\t\t\t\t\t\t\t\t\t\t\t<img fetchpriority=\"high\" decoding=\"async\" width=\"800\" height=\"593\" src=\"https:\/\/www.dekso.vn\/wp-content\/uploads\/2025\/04\/Screenshot-2025-04-11-040312.png\" class=\"attachment-large size-large wp-image-957\" alt=\"\" srcset=\"https:\/\/www.dekso.vn\/wp-content\/uploads\/2025\/04\/Screenshot-2025-04-11-040312.png 951w, https:\/\/www.dekso.vn\/wp-content\/uploads\/2025\/04\/Screenshot-2025-04-11-040312-300x222.png 300w, https:\/\/www.dekso.vn\/wp-content\/uploads\/2025\/04\/Screenshot-2025-04-11-040312-768x569.png 768w, https:\/\/www.dekso.vn\/wp-content\/uploads\/2025\/04\/Screenshot-2025-04-11-040312-600x445.png 600w\" sizes=\"(max-width: 800px) 100vw, 800px\" \/>\t\t\t\t\t\t\t\t\t\t\t\t\t\t\t<\/div>\n\t\t\t\t<\/div>\n\t\t\t\t<div class=\"elementor-element elementor-element-6d626ce elementor-widget elementor-widget-text-editor\" data-id=\"6d626ce\" data-element_type=\"widget\" data-widget_type=\"text-editor.default\">\n\t\t\t\t<div class=\"elementor-widget-container\">\n\t\t\t\t\t\t\t\t\t<p>DEKSO \u3067\u306f\u3001\u88fd\u54c1\u306e\u54c1\u8cea\u3068\u751f\u7523\u52b9\u7387\u306f\u4eba\u304b\u3089\u59cb\u307e\u308b\u3068\u8003\u3048\u3066\u3044\u307e\u3059\u3002\u5de5\u5834\u904b\u55b6\u7ba1\u7406\u30c1\u30fc\u30e0\u306f\u3001\u4f01\u696d\u304c\u5b89\u5b9a\u3057\u305f\u751f\u7523\u30b7\u30b9\u30c6\u30e0\u3092\u7dad\u6301\u3057\u3001\u54c1\u8cea\u3092\u53b3\u5bc6\u306b\u7ba1\u7406\u3057\u3001\u3042\u3089\u3086\u308b\u9867\u5ba2\u306e\u8981\u6c42\u306b\u67d4\u8edf\u306b\u5bfe\u5fdc\u3067\u304d\u308b\u3088\u3046\u306b\u3059\u308b\u305f\u3081\u306e\u4e2d\u6838\u7684\u306a\u529b\u3067\u3059\u3002<\/p><p><strong>\u6df1\u3044\u7d4c\u9a13\u3068\u78ba\u56fa\u305f\u308b\u57fa\u76e4<\/strong><br \/>DEKSO \u306e\u53d6\u7de0\u5f79\u304a\u3088\u3073\u5de5\u5834\u9577\u306e\u30c1\u30fc\u30e0\u306f\u3001\u3059\u3079\u3066\u6b27\u5dde\u8f38\u51fa\u57fa\u6e96\u306e\u6728\u6750\u5de5\u5834\u3092\u76f4\u63a5\u7ba1\u7406\u304a\u3088\u3073\u904b\u55b6\u3057\u305f 15 \u5e74\u4ee5\u4e0a\u306e\u7d4c\u9a13\u3092\u6301\u3064\u4eba\u3005\u3067\u3059\u3002\u5f7c\u3089\u306f\u3001\u8c4a\u5bcc\u306a\u5b9f\u8df5\u7684\u80cc\u666f\u3001\u6280\u8853\u7684\u77e5\u8b58\u3001\u73fe\u4ee3\u7684\u306a\u751f\u7523\u7d44\u7e54\u601d\u8003\u3092\u5099\u3048\u3001\u7121\u99c4\u306e\u306a\u3044\u3001\u52b9\u7387\u7684\u3067\u30d7\u30ed\u30d5\u30a7\u30c3\u30b7\u30e7\u30ca\u30eb\u306a\u904b\u7528\u30b7\u30b9\u30c6\u30e0\u3092\u76f4\u63a5\u69cb\u7bc9\u3057\u3001\u7dad\u6301\u3059\u308b\u4eba\u3005\u3067\u3059\u3002<\/p><p>DEKSO \u306e\u751f\u7523\u7ba1\u7406\u30c1\u30fc\u30e0\u306e\u5f79\u5272\u306f\u6b21\u306e\u3068\u304a\u308a\u3067\u3059\u3002<br \/>\u5b9f\u969b\u306e\u6ce8\u6587\u306b\u5fdc\u3058\u3066\u5de5\u5834\u306e\u6d3b\u52d5\u3092\u7d44\u7e54\u3057\u8abf\u6574\u3059\u308b<\/p><p>\u751f\u7523\u5de5\u7a0b\u7ba1\u7406\uff1a\u539f\u6750\u6599\u306e\u53d7\u5165\uff5e\u52a0\u5de5\uff5e\u4ed5\u4e0a\u3052\uff5e\u68b1\u5305\uff5e\u5f15\u6e21\u3057<\/p><p>\u51fa\u529b\u54c1\u8cea\u3092\u7ba1\u7406\u3057\u3001\u88fd\u54c1\u304c\u6280\u8853\u57fa\u6e96\u3001\u7f8e\u89b3\u3001\u4e00\u8cab\u6027\u3092\u6e80\u305f\u3057\u3066\u3044\u308b\u3053\u3068\u3092\u78ba\u8a8d\u3057\u307e\u3059<\/p><p>\u52b4\u50cd\u8005\u3092\u6307\u5c0e\u30fb\u8a13\u7df4\u3057\u3001\u751f\u7523\u898f\u5f8b\u3068\u52b4\u50cd\u5b89\u5168\u3092\u7dad\u6301\u3059\u308b<\/p><p>\u8cfc\u8cb7\u3001\u7269\u6d41\u3001\u55b6\u696d\u90e8\u9580\u3068\u7dca\u5bc6\u306b\u9023\u643a\u3057\u3001\u30b7\u30b9\u30c6\u30e0\u5168\u4f53\u306e\u9032\u6357\u3068\u30d1\u30d5\u30a9\u30fc\u30de\u30f3\u30b9\u3092\u78ba\u4fdd\u3057\u307e\u3059\u3002<\/p><p>\u7d4c\u9a13\u8c4a\u5bcc\u306a\u7d4c\u55b6\u9663\u304c\u7387\u3044\u308bDEKSO\u306f\u3001\u5b89\u5b9a\u3057\u305f\u751f\u7523\u80fd\u529b\u306e\u7dad\u6301\u306b\u5c3d\u529b\u3057\u3066\u3044\u307e\u3059\u3002 <br \/>\u30b3\u30b9\u30c8\u3092\u6700\u9069\u5316\u3057\u3001\u6728\u88fd\u30d1\u30ec\u30c3\u30c8\u304a\u3088\u3073\u95a2\u9023\u7523\u696d\u306e\u5206\u91ce\u3067\u9ad8\u6c34\u6e96\u306e\u6ce8\u6587\u306b\u5bfe\u5fdc\u3059\u308b\u6e96\u5099\u304c\u3067\u304d\u3066\u3044\u307e\u3059\u3002<\/p>\t\t\t\t\t\t\t\t<\/div>\n\t\t\t\t<\/div>\n\t\t\t\t\t<\/div>\n\t\t\t\t<\/div>\n\t\t<div class=\"elementor-element elementor-element-228ec51 e-flex e-con-boxed e-con e-parent\" data-id=\"228ec51\" data-element_type=\"container\" data-settings=\"{&quot;_ha_eqh_enable&quot;:false}\">\n\t\t\t\t\t<div class=\"e-con-inner\">\n\t\t\t\t\t<\/div>\n\t\t\t\t<\/div>\n\t\t\t\t<\/div>","protected":false},"excerpt":{"rendered":"<p>\u0110\u1ed9i ng\u0169 qu\u1ea3n l\u00fdv\u1eadn h\u00e0nh s\u1ea3n xu\u1ea5t T\u1ea1i DEKSO, ch\u00fang t\u00f4i tin r\u1eb1ng ch\u1ea5t l\u01b0\u1ee3ng s\u1ea3n ph\u1ea9m v\u00e0 hi\u1ec7u qu\u1ea3 s\u1ea3n xu\u1ea5t b\u1eaft ngu\u1ed3n t\u1eeb con ng\u01b0\u1eddi. \u0110\u1ed9i ng\u0169 qu\u1ea3n l\u00fd v\u1eadn h\u00e0nh x\u01b0\u1edfng ch\u00ednh l\u00e0 l\u1ef1c l\u01b0\u1ee3ng n\u00f2ng c\u1ed1t gi\u00fap doanh nghi\u1ec7p duy tr\u00ec h\u1ec7 th\u1ed1ng s\u1ea3n xu\u1ea5t \u1ed5n \u0111\u1ecbnh, ki\u1ec3m so\u00e1t ch\u1ea5t l\u01b0\u1ee3ng nghi\u00eam ng\u1eb7t v\u00e0 \u0111\u00e1p \u1ee9ng linh ho\u1ea1t m\u1ecdi y\u00eau c\u1ea7u c\u1ee7a kh\u00e1ch h\u00e0ng. Kinh nghi\u1ec7m chuy\u00ean s\u00e2u \u2013 N\u1ec1n t\u1ea3ng v\u1eefng ch\u1eafc\u0110\u1ed9i ng\u0169 gi\u00e1m \u0111\u1ed1c v\u00e0 qu\u1ea3n \u0111\u1ed1c x\u01b0\u1edfng t\u1ea1i DEKSO \u0111\u1ec1u l\u00e0 nh\u1eefng ng\u01b0\u1eddi c\u00f3 h\u01a1n 15 n\u0103m kinh nghi\u1ec7m tr\u1ef1c ti\u1ebfp qu\u1ea3n l\u00fd v\u00e0 v\u1eadn h\u00e0nh c\u00e1c nh\u00e0 m\u00e1y s\u1ea3n xu\u1ea5t g\u1ed7 ti\u00eau [&hellip;]<\/p>","protected":false},"author":1,"featured_media":0,"parent":0,"menu_order":0,"comment_status":"closed","ping_status":"closed","template":"","meta":{"_acf_changed":false,"footnotes":""},"class_list":["post-755","page","type-page","status-publish","hentry"],"acf":[],"_links":{"self":[{"href":"https:\/\/www.dekso.vn\/ja\/wp-json\/wp\/v2\/pages\/755","targetHints":{"allow":["GET"]}}],"collection":[{"href":"https:\/\/www.dekso.vn\/ja\/wp-json\/wp\/v2\/pages"}],"about":[{"href":"https:\/\/www.dekso.vn\/ja\/wp-json\/wp\/v2\/types\/page"}],"author":[{"embeddable":true,"href":"https:\/\/www.dekso.vn\/ja\/wp-json\/wp\/v2\/users\/1"}],"replies":[{"embeddable":true,"href":"https:\/\/www.dekso.vn\/ja\/wp-json\/wp\/v2\/comments?post=755"}],"version-history":[{"count":7,"href":"https:\/\/www.dekso.vn\/ja\/wp-json\/wp\/v2\/pages\/755\/revisions"}],"predecessor-version":[{"id":960,"href":"https:\/\/www.dekso.vn\/ja\/wp-json\/wp\/v2\/pages\/755\/revisions\/960"}],"wp:attachment":[{"href":"https:\/\/www.dekso.vn\/ja\/wp-json\/wp\/v2\/media?parent=755"}],"curies":[{"name":"wp","href":"https:\/\/api.w.org\/{rel}","templated":true}]}}